{"id":1005,"date":"2024-11-21T09:28:19","date_gmt":"2024-11-21T09:28:19","guid":{"rendered":"https:\/\/doubletap.ch\/nidauvolley\/"},"modified":"2025-10-20T05:15:35","modified_gmt":"2025-10-20T05:15:35","slug":"nidauvolley","status":"publish","type":"page","link":"https:\/\/doubletap.ch\/de\/nidauvolley\/","title":{"rendered":"nidauvolley"},"content":{"rendered":"\t\t<div data-elementor-type=\"wp-post\" data-elementor-id=\"1005\" class=\"elementor elementor-1005 elementor-276\" data-elementor-post-type=\"page\">\n\t\t\t\t<div class=\"elementor-element elementor-element-f9fd171 e-con-full e-flex e-con e-parent\" data-id=\"f9fd171\" data-element_type=\"container\">\n\t\t\t\t<div class=\"elementor-element elementor-element-f1b6b24 elementor-widget elementor-widget-spacer\" data-id=\"f1b6b24\" data-element_type=\"widget\" data-widget_type=\"spacer.default\">\n\t\t\t\t<div class=\"elementor-widget-container\">\n\t\t\t\t\t\t\t<div class=\"elementor-spacer\">\n\t\t\t<div class=\"elementor-spacer-inner\"><\/div>\n\t\t<\/div>\n\t\t\t\t\t\t<\/div>\n\t\t\t\t<\/div>\n\t\t\t\t<div class=\"elementor-element elementor-element-01417ab elementor-widget__width-initial elementor-widget elementor-widget-video\" data-id=\"01417ab\" data-element_type=\"widget\" data-settings=\"{&quot;video_type&quot;:&quot;hosted&quot;,&quot;autoplay&quot;:&quot;yes&quot;,&quot;play_on_mobile&quot;:&quot;yes&quot;,&quot;mute&quot;:&quot;yes&quot;,&quot;loop&quot;:&quot;yes&quot;}\" data-widget_type=\"video.default\">\n\t\t\t\t<div class=\"elementor-widget-container\">\n\t\t\t\t\t\t\t<div class=\"e-hosted-video elementor-wrapper elementor-open-inline\">\n\t\t\t\t\t<video class=\"elementor-video\" src=\"https:\/\/doubletap.ch\/wp-content\/uploads\/2024\/11\/Nidau_PhotoMatch-1.mp4\" autoplay=\"\" loop=\"\" muted=\"muted\" playsinline=\"\" controlsList=\"nodownload\"><\/video>\n\t\t\t\t<\/div>\n\t\t\t\t\t\t<\/div>\n\t\t\t\t<\/div>\n\t\t\t\t<div class=\"elementor-element elementor-element-dd87891 elementor-widget elementor-widget-spacer\" data-id=\"dd87891\" data-element_type=\"widget\" data-widget_type=\"spacer.default\">\n\t\t\t\t<div class=\"elementor-widget-container\">\n\t\t\t\t\t\t\t<div class=\"elementor-spacer\">\n\t\t\t<div class=\"elementor-spacer-inner\"><\/div>\n\t\t<\/div>\n\t\t\t\t\t\t<\/div>\n\t\t\t\t<\/div>\n\t\t\t\t<\/div>\n\t\t<div class=\"elementor-element elementor-element-5bdb729 e-flex e-con-boxed e-con e-parent\" data-id=\"5bdb729\" data-element_type=\"container\">\n\t\t\t\t\t<div class=\"e-con-inner\">\n\t\t<div class=\"elementor-element elementor-element-785a6ec e-con-full e-flex e-con e-child\" data-id=\"785a6ec\" data-element_type=\"container\">\n\t\t\t\t<div class=\"elementor-element elementor-element-e2ad3e4 elementor-widget elementor-widget-heading\" data-id=\"e2ad3e4\" data-element_type=\"widget\" data-widget_type=\"heading.default\">\n\t\t\t\t<div class=\"elementor-widget-container\">\n\t\t\t\t\t<h2 class=\"elementor-heading-title elementor-size-default\">Nidau Volley<\/h2>\t\t\t\t<\/div>\n\t\t\t\t<\/div>\n\t\t\t\t<div class=\"elementor-element elementor-element-6b0a20e elementor-widget elementor-widget-spacer\" data-id=\"6b0a20e\" data-element_type=\"widget\" data-widget_type=\"spacer.default\">\n\t\t\t\t<div class=\"elementor-widget-container\">\n\t\t\t\t\t\t\t<div class=\"elementor-spacer\">\n\t\t\t<div class=\"elementor-spacer-inner\"><\/div>\n\t\t<\/div>\n\t\t\t\t\t\t<\/div>\n\t\t\t\t<\/div>\n\t\t\t\t<\/div>\n\t\t<div class=\"elementor-element elementor-element-2912e61 e-con-full e-flex e-con e-child\" data-id=\"2912e61\" data-element_type=\"container\">\n\t\t<div class=\"elementor-element elementor-element-2bdaa6f e-con-full e-flex e-con e-child\" data-id=\"2bdaa6f\" data-element_type=\"container\">\n\t\t\t\t<div class=\"elementor-element elementor-element-69de201 elementor-widget elementor-widget-spacer\" data-id=\"69de201\" data-element_type=\"widget\" data-widget_type=\"spacer.default\">\n\t\t\t\t<div class=\"elementor-widget-container\">\n\t\t\t\t\t\t\t<div class=\"elementor-spacer\">\n\t\t\t<div class=\"elementor-spacer-inner\"><\/div>\n\t\t<\/div>\n\t\t\t\t\t\t<\/div>\n\t\t\t\t<\/div>\n\t\t\t\t<\/div>\n\t\t<div class=\"elementor-element elementor-element-f8c7dbf e-con-full e-flex e-con e-child\" data-id=\"f8c7dbf\" data-element_type=\"container\">\n\t\t\t\t<div class=\"elementor-element elementor-element-47026f4 elementor-widget elementor-widget-spacer\" data-id=\"47026f4\" data-element_type=\"widget\" data-widget_type=\"spacer.default\">\n\t\t\t\t<div class=\"elementor-widget-container\">\n\t\t\t\t\t\t\t<div class=\"elementor-spacer\">\n\t\t\t<div class=\"elementor-spacer-inner\"><\/div>\n\t\t<\/div>\n\t\t\t\t\t\t<\/div>\n\t\t\t\t<\/div>\n\t\t\t\t<\/div>\n\t\t\t\t<\/div>\n\t\t\t\t\t<\/div>\n\t\t\t\t<\/div>\n\t\t<div class=\"elementor-element elementor-element-10a126e e-grid e-con-full e-con e-parent\" data-id=\"10a126e\" data-element_type=\"container\">\n\t\t\t\t<div class=\"elementor-element elementor-element-a8b3680 elementor-widget elementor-widget-heading\" data-id=\"a8b3680\" data-element_type=\"widget\" data-widget_type=\"heading.default\">\n\t\t\t\t<div class=\"elementor-widget-container\">\n\t\t\t\t\t<h2 class=\"elementor-heading-title elementor-size-default\"><font color=\"#f6d15\">Dienstleistungen<br><br><br><br><font color=\"#00000\"> Refresh CI\/CD<br><br>Social Media Template<br><br>Poster<br><br>Teamfotos<br><br><\/h2>\t\t\t\t<\/div>\n\t\t\t\t<\/div>\n\t\t\t\t<div class=\"elementor-element elementor-element-8acd8d0 elementor-widget elementor-widget-heading\" data-id=\"8acd8d0\" data-element_type=\"widget\" data-widget_type=\"heading.default\">\n\t\t\t\t<div class=\"elementor-widget-container\">\n\t\t\t\t\t<h2 class=\"elementor-heading-title elementor-size-default\">Sport ist eine Quelle ungeteilter Emotionen und Volleyball ist keine Ausnahme. Nidau Volley ist mit \u00fcber 120 Mitgliedern einer der gr\u00f6ssten Volleyballvereine in der Region Jura-Seeland. Aufgrund der geografischen Lage ist die Zweisprachigkeit ein echtes Plus f\u00fcr den Verein, der sich auf die Ausbildung spezialisiert hat. <br> <br>Wir haben den Verein bei der Entwicklung und Modernisierung seiner visuellen Identit\u00e4t f\u00fcr Social Media und die Portraitfotos unterst\u00fctzt. <\/h2>\t\t\t\t<\/div>\n\t\t\t\t<\/div>\n\t\t<div class=\"elementor-element elementor-element-16313ea e-flex e-con-boxed e-con e-child\" data-id=\"16313ea\" data-element_type=\"container\">\n\t\t\t\t\t<div class=\"e-con-inner\">\n\t\t\t\t<div class=\"elementor-element elementor-element-29727f5 elementor-widget elementor-widget-spacer\" data-id=\"29727f5\" data-element_type=\"widget\" data-widget_type=\"spacer.default\">\n\t\t\t\t<div class=\"elementor-widget-container\">\n\t\t\t\t\t\t\t<div class=\"elementor-spacer\">\n\t\t\t<div class=\"elementor-spacer-inner\"><\/div>\n\t\t<\/div>\n\t\t\t\t\t\t<\/div>\n\t\t\t\t<\/div>\n\t\t\t\t\t<\/div>\n\t\t\t\t<\/div>\n\t\t\t\t<div class=\"elementor-element elementor-element-fc6e475 elementor-widget elementor-widget-spacer\" data-id=\"fc6e475\" data-element_type=\"widget\" data-widget_type=\"spacer.default\">\n\t\t\t\t<div class=\"elementor-widget-container\">\n\t\t\t\t\t\t\t<div class=\"elementor-spacer\">\n\t\t\t<div class=\"elementor-spacer-inner\"><\/div>\n\t\t<\/div>\n\t\t\t\t\t\t<\/div>\n\t\t\t\t<\/div>\n\t\t\t\t<\/div>\n\t\t<div class=\"elementor-element elementor-element-45d4610 e-grid e-con-boxed e-con e-parent\" data-id=\"45d4610\" data-element_type=\"container\">\n\t\t\t\t\t<div class=\"e-con-inner\">\n\t\t\t\t<div class=\"elementor-element elementor-element-c5b9359 elementor-widget elementor-widget-image\" data-id=\"c5b9359\" data-element_type=\"widget\" data-widget_type=\"image.default\">\n\t\t\t\t<div class=\"elementor-widget-container\">\n\t\t\t\t\t\t\t\t\t\t\t\t\t\t\t<img fetchpriority=\"high\" decoding=\"async\" width=\"1080\" height=\"1080\" src=\"https:\/\/doubletap.ch\/wp-content\/uploads\/2024\/11\/NV-Instagram_template_post.png\" class=\"attachment-full size-full wp-image-923\" alt=\"\" srcset=\"https:\/\/doubletap.ch\/wp-content\/uploads\/2024\/11\/NV-Instagram_template_post.png 1080w, https:\/\/doubletap.ch\/wp-content\/uploads\/2024\/11\/NV-Instagram_template_post-300x300.png 300w, https:\/\/doubletap.ch\/wp-content\/uploads\/2024\/11\/NV-Instagram_template_post-1024x1024.png 1024w, https:\/\/doubletap.ch\/wp-content\/uploads\/2024\/11\/NV-Instagram_template_post-150x150.png 150w, https:\/\/doubletap.ch\/wp-content\/uploads\/2024\/11\/NV-Instagram_template_post-768x768.png 768w\" sizes=\"(max-width: 1080px) 100vw, 1080px\" \/>\t\t\t\t\t\t\t\t\t\t\t\t\t\t\t<\/div>\n\t\t\t\t<\/div>\n\t\t\t\t<div class=\"elementor-element elementor-element-0795bd1 elementor-widget elementor-widget-image\" data-id=\"0795bd1\" data-element_type=\"widget\" data-widget_type=\"image.default\">\n\t\t\t\t<div class=\"elementor-widget-container\">\n\t\t\t\t\t\t\t\t\t\t\t\t\t\t\t<img decoding=\"async\" width=\"1024\" height=\"1024\" src=\"https:\/\/doubletap.ch\/wp-content\/uploads\/2024\/11\/NV-Instagram_template_post-2-1024x1024.png\" class=\"attachment-large size-large wp-image-926\" alt=\"\" srcset=\"https:\/\/doubletap.ch\/wp-content\/uploads\/2024\/11\/NV-Instagram_template_post-2-1024x1024.png 1024w, https:\/\/doubletap.ch\/wp-content\/uploads\/2024\/11\/NV-Instagram_template_post-2-300x300.png 300w, https:\/\/doubletap.ch\/wp-content\/uploads\/2024\/11\/NV-Instagram_template_post-2-150x150.png 150w, https:\/\/doubletap.ch\/wp-content\/uploads\/2024\/11\/NV-Instagram_template_post-2-768x768.png 768w, https:\/\/doubletap.ch\/wp-content\/uploads\/2024\/11\/NV-Instagram_template_post-2.png 1080w\" sizes=\"(max-width: 1024px) 100vw, 1024px\" \/>\t\t\t\t\t\t\t\t\t\t\t\t\t\t\t<\/div>\n\t\t\t\t<\/div>\n\t\t\t\t<div class=\"elementor-element elementor-element-f44d55f elementor-widget elementor-widget-image\" data-id=\"f44d55f\" data-element_type=\"widget\" data-widget_type=\"image.default\">\n\t\t\t\t<div class=\"elementor-widget-container\">\n\t\t\t\t\t\t\t\t\t\t\t\t\t\t\t<img decoding=\"async\" width=\"1024\" height=\"1024\" src=\"https:\/\/doubletap.ch\/wp-content\/uploads\/2024\/11\/NV-Instagram_template_post-3-1024x1024.png\" class=\"attachment-large size-large wp-image-925\" alt=\"\" srcset=\"https:\/\/doubletap.ch\/wp-content\/uploads\/2024\/11\/NV-Instagram_template_post-3-1024x1024.png 1024w, https:\/\/doubletap.ch\/wp-content\/uploads\/2024\/11\/NV-Instagram_template_post-3-300x300.png 300w, https:\/\/doubletap.ch\/wp-content\/uploads\/2024\/11\/NV-Instagram_template_post-3-150x150.png 150w, https:\/\/doubletap.ch\/wp-content\/uploads\/2024\/11\/NV-Instagram_template_post-3-768x768.png 768w, https:\/\/doubletap.ch\/wp-content\/uploads\/2024\/11\/NV-Instagram_template_post-3.png 1080w\" sizes=\"(max-width: 1024px) 100vw, 1024px\" \/>\t\t\t\t\t\t\t\t\t\t\t\t\t\t\t<\/div>\n\t\t\t\t<\/div>\n\t\t\t\t<div class=\"elementor-element elementor-element-ff604a3 elementor-widget elementor-widget-video\" data-id=\"ff604a3\" data-element_type=\"widget\" data-settings=\"{&quot;video_type&quot;:&quot;hosted&quot;,&quot;autoplay&quot;:&quot;yes&quot;,&quot;play_on_mobile&quot;:&quot;yes&quot;,&quot;mute&quot;:&quot;yes&quot;,&quot;loop&quot;:&quot;yes&quot;}\" data-widget_type=\"video.default\">\n\t\t\t\t<div class=\"elementor-widget-container\">\n\t\t\t\t\t\t\t<div class=\"e-hosted-video elementor-wrapper elementor-open-inline\">\n\t\t\t\t\t<video class=\"elementor-video\" src=\"https:\/\/doubletap.ch\/wp-content\/uploads\/2024\/11\/Nidau_Portrait.mp4\" autoplay=\"\" loop=\"\" muted=\"muted\" playsinline=\"\" controlsList=\"nodownload\"><\/video>\n\t\t\t\t<\/div>\n\t\t\t\t\t\t<\/div>\n\t\t\t\t<\/div>\n\t\t\t\t\t<\/div>\n\t\t\t\t<\/div>\n\t\t<div class=\"elementor-element elementor-element-1d7a77c e-flex e-con-boxed e-con e-parent\" data-id=\"1d7a77c\" data-element_type=\"container\">\n\t\t\t\t\t<div class=\"e-con-inner\">\n\t\t\t\t<div class=\"elementor-element elementor-element-161a518 elementor-widget elementor-widget-spacer\" data-id=\"161a518\" data-element_type=\"widget\" data-widget_type=\"spacer.default\">\n\t\t\t\t<div class=\"elementor-widget-container\">\n\t\t\t\t\t\t\t<div class=\"elementor-spacer\">\n\t\t\t<div class=\"elementor-spacer-inner\"><\/div>\n\t\t<\/div>\n\t\t\t\t\t\t<\/div>\n\t\t\t\t<\/div>\n\t\t\t\t<div class=\"elementor-element elementor-element-c57b283 elementor-widget elementor-widget-image\" data-id=\"c57b283\" data-element_type=\"widget\" data-widget_type=\"image.default\">\n\t\t\t\t<div class=\"elementor-widget-container\">\n\t\t\t\t\t\t\t\t\t\t\t\t\t\t\t<img loading=\"lazy\" decoding=\"async\" width=\"2000\" height=\"1414\" src=\"https:\/\/doubletap.ch\/wp-content\/uploads\/2024\/11\/A3-\u2013-Calendrier-2024-2025.png\" class=\"attachment-full size-full wp-image-921\" alt=\"\" srcset=\"https:\/\/doubletap.ch\/wp-content\/uploads\/2024\/11\/A3-\u2013-Calendrier-2024-2025.png 2000w, https:\/\/doubletap.ch\/wp-content\/uploads\/2024\/11\/A3-\u2013-Calendrier-2024-2025-300x212.png 300w, https:\/\/doubletap.ch\/wp-content\/uploads\/2024\/11\/A3-\u2013-Calendrier-2024-2025-1024x724.png 1024w, https:\/\/doubletap.ch\/wp-content\/uploads\/2024\/11\/A3-\u2013-Calendrier-2024-2025-768x543.png 768w, https:\/\/doubletap.ch\/wp-content\/uploads\/2024\/11\/A3-\u2013-Calendrier-2024-2025-1536x1086.png 1536w\" sizes=\"(max-width: 2000px) 100vw, 2000px\" \/>\t\t\t\t\t\t\t\t\t\t\t\t\t\t\t<\/div>\n\t\t\t\t<\/div>\n\t\t\t\t<div class=\"elementor-element elementor-element-6c04fe2 elementor-widget elementor-widget-spacer\" data-id=\"6c04fe2\" data-element_type=\"widget\" data-widget_type=\"spacer.default\">\n\t\t\t\t<div class=\"elementor-widget-container\">\n\t\t\t\t\t\t\t<div class=\"elementor-spacer\">\n\t\t\t<div class=\"elementor-spacer-inner\"><\/div>\n\t\t<\/div>\n\t\t\t\t\t\t<\/div>\n\t\t\t\t<\/div>\n\t\t\t\t\t<\/div>\n\t\t\t\t<\/div>\n\t\t<div class=\"elementor-element elementor-element-621e04a e-grid e-con-boxed e-con e-parent\" data-id=\"621e04a\" data-element_type=\"container\">\n\t\t\t\t\t<div class=\"e-con-inner\">\n\t\t\t\t<div class=\"elementor-element elementor-element-4bec908 elementor-widget elementor-widget-heading\" data-id=\"4bec908\" data-element_type=\"widget\" data-widget_type=\"heading.default\">\n\t\t\t\t<div class=\"elementor-widget-container\">\n\t\t\t\t\t<h2 class=\"elementor-heading-title elementor-size-default\"><a href=\"http:\/\/www.doubletap.ch\/de\/letusstretch\">&lt; let us stretch<\/a><\/h2>\t\t\t\t<\/div>\n\t\t\t\t<\/div>\n\t\t\t\t<div class=\"elementor-element elementor-element-101768f elementor-widget elementor-widget-heading\" data-id=\"101768f\" data-element_type=\"widget\" data-widget_type=\"heading.default\">\n\t\t\t\t<div class=\"elementor-widget-container\">\n\t\t\t\t\t<h2 class=\"elementor-heading-title elementor-size-default\"><a href=\"http:\/\/www.doubletap.ch\/de\/resalio\">resalio &gt;<\/a><\/h2>\t\t\t\t<\/div>\n\t\t\t\t<\/div>\n\t\t\t\t\t<\/div>\n\t\t\t\t<\/div>\n\t\t<div class=\"elementor-element elementor-element-2a220e5 e-flex e-con-boxed e-con e-parent\" data-id=\"2a220e5\" data-element_type=\"container\">\n\t\t\t\t\t<div class=\"e-con-inner\">\n\t\t\t\t<div class=\"elementor-element elementor-element-31b6f88 elementor-widget elementor-widget-spacer\" data-id=\"31b6f88\" data-element_type=\"widget\" data-widget_type=\"spacer.default\">\n\t\t\t\t<div class=\"elementor-widget-container\">\n\t\t\t\t\t\t\t<div class=\"elementor-spacer\">\n\t\t\t<div class=\"elementor-spacer-inner\"><\/div>\n\t\t<\/div>\n\t\t\t\t\t\t<\/div>\n\t\t\t\t<\/div>\n\t\t\t\t<div class=\"elementor-element elementor-element-aa66072 elementor-widget elementor-widget-heading\" data-id=\"aa66072\" data-element_type=\"widget\" data-widget_type=\"heading.default\">\n\t\t\t\t<div class=\"elementor-widget-container\">\n\t\t\t\t\t<h2 class=\"elementor-heading-title elementor-size-default\">let's get to work!<\/h2>\t\t\t\t<\/div>\n\t\t\t\t<\/div>\n\t\t\t\t<div class=\"elementor-element elementor-element-194be11 elementor-widget elementor-widget-spacer\" data-id=\"194be11\" data-element_type=\"widget\" data-widget_type=\"spacer.default\">\n\t\t\t\t<div class=\"elementor-widget-container\">\n\t\t\t\t\t\t\t<div class=\"elementor-spacer\">\n\t\t\t<div class=\"elementor-spacer-inner\"><\/div>\n\t\t<\/div>\n\t\t\t\t\t\t<\/div>\n\t\t\t\t<\/div>\n\t\t\t\t<div class=\"elementor-element elementor-element-6fe3f24 elementor-widget elementor-widget-button\" data-id=\"6fe3f24\" data-element_type=\"widget\" data-widget_type=\"button.default\">\n\t\t\t\t<div class=\"elementor-widget-container\">\n\t\t\t\t\t\t\t\t\t<div class=\"elementor-button-wrapper\">\n\t\t\t\t\t<a class=\"elementor-button elementor-button-link elementor-size-sm\" href=\"mailto:hello@doubletap.ch\">\n\t\t\t\t\t\t<span class=\"elementor-button-content-wrapper\">\n\t\t\t\t\t\t\t\t\t<span class=\"elementor-button-text\">work with us<\/span>\n\t\t\t\t\t<\/span>\n\t\t\t\t\t<\/a>\n\t\t\t\t<\/div>\n\t\t\t\t\t\t\t\t<\/div>\n\t\t\t\t<\/div>\n\t\t\t\t\t<\/div>\n\t\t\t\t<\/div>\n\t\t<div class=\"elementor-element elementor-element-18f5e62 e-flex e-con-boxed e-con e-parent\" data-id=\"18f5e62\" data-element_type=\"container\">\n\t\t\t\t\t<div class=\"e-con-inner\">\n\t\t\t\t<div class=\"elementor-element elementor-element-c454c0c elementor-widget elementor-widget-spacer\" data-id=\"c454c0c\" data-element_type=\"widget\" data-widget_type=\"spacer.default\">\n\t\t\t\t<div class=\"elementor-widget-container\">\n\t\t\t\t\t\t\t<div class=\"elementor-spacer\">\n\t\t\t<div class=\"elementor-spacer-inner\"><\/div>\n\t\t<\/div>\n\t\t\t\t\t\t<\/div>\n\t\t\t\t<\/div>\n\t\t\t\t\t<\/div>\n\t\t\t\t<\/div>\n\t\t\t\t<\/div>\n\t\t","protected":false},"excerpt":{"rendered":"<p>https:\/\/doubletap.ch\/wp-content\/uploads\/2024\/11\/Nidau_PhotoMatch-1.mp4 Nidau Volley Dienstleistungen Refresh CI\/CD Social Media Template Poster Teamfotos Sport ist eine Quelle ungeteilter Emotionen und Volleyball ist [&hellip;]<\/p>\n","protected":false},"author":2,"featured_media":0,"parent":0,"menu_order":0,"comment_status":"closed","ping_status":"closed","template":"","meta":{"site-sidebar-layout":"default","site-content-layout":"","ast-site-content-layout":"","site-content-style":"default","site-sidebar-style":"default","ast-global-header-display":"","ast-banner-title-visibility":"","ast-main-header-display":"","ast-hfb-above-header-display":"","ast-hfb-below-header-display":"","ast-hfb-mobile-header-display":"","site-post-title":"","ast-breadcrumbs-content":"","ast-featured-img":"","footer-sml-layout":"","theme-transparent-header-meta":"","adv-header-id-meta":"","stick-header-meta":"","header-above-stick-meta":"","header-main-stick-meta":"","header-below-stick-meta":"","astra-migrate-meta-layouts":"default","ast-page-background-enabled":"default","ast-page-background-meta":{"desktop":{"background-color":"var(--ast-global-color-4)","background-image":"","background-repeat":"repeat","background-position":"center center","background-size":"auto","background-attachment":"scroll","background-type":"","background-media":"","overlay-type":"","overlay-color":"","overlay-opacity":"","overlay-gradient":""},"tablet":{"background-color":"","background-image":"","background-repeat":"repeat","background-position":"center center","background-size":"auto","background-attachment":"scroll","background-type":"","background-media":"","overlay-type":"","overlay-color":"","overlay-opacity":"","overlay-gradient":""},"mobile":{"background-color":"","background-image":"","background-repeat":"repeat","background-position":"center center","background-size":"auto","background-attachment":"scroll","background-type":"","background-media":"","overlay-type":"","overlay-color":"","overlay-opacity":"","overlay-gradient":""}},"ast-content-background-meta":{"desktop":{"background-color":"var(--ast-global-color-5)","background-image":"","background-repeat":"repeat","background-position":"center center","background-size":"auto","background-attachment":"scroll","background-type":"","background-media":"","overlay-type":"","overlay-color":"","overlay-opacity":"","overlay-gradient":""},"tablet":{"background-color":"var(--ast-global-color-5)","background-image":"","background-repeat":"repeat","background-position":"center center","background-size":"auto","background-attachment":"scroll","background-type":"","background-media":"","overlay-type":"","overlay-color":"","overlay-opacity":"","overlay-gradient":""},"mobile":{"background-color":"var(--ast-global-color-5)","background-image":"","background-repeat":"repeat","background-position":"center center","background-size":"auto","background-attachment":"scroll","background-type":"","background-media":"","overlay-type":"","overlay-color":"","overlay-opacity":"","overlay-gradient":""}},"footnotes":""},"class_list":["post-1005","page","type-page","status-publish","hentry"],"_links":{"self":[{"href":"https:\/\/doubletap.ch\/de\/wp-json\/wp\/v2\/pages\/1005","targetHints":{"allow":["GET"]}}],"collection":[{"href":"https:\/\/doubletap.ch\/de\/wp-json\/wp\/v2\/pages"}],"about":[{"href":"https:\/\/doubletap.ch\/de\/wp-json\/wp\/v2\/types\/page"}],"author":[{"embeddable":true,"href":"https:\/\/doubletap.ch\/de\/wp-json\/wp\/v2\/users\/2"}],"replies":[{"embeddable":true,"href":"https:\/\/doubletap.ch\/de\/wp-json\/wp\/v2\/comments?post=1005"}],"version-history":[{"count":13,"href":"https:\/\/doubletap.ch\/de\/wp-json\/wp\/v2\/pages\/1005\/revisions"}],"predecessor-version":[{"id":1829,"href":"https:\/\/doubletap.ch\/de\/wp-json\/wp\/v2\/pages\/1005\/revisions\/1829"}],"wp:attachment":[{"href":"https:\/\/doubletap.ch\/de\/wp-json\/wp\/v2\/media?parent=1005"}],"curies":[{"name":"wp","href":"https:\/\/api.w.org\/{rel}","templated":true}]}}