{"id":1011,"date":"2024-11-21T09:28:13","date_gmt":"2024-11-21T09:28:13","guid":{"rendered":"https:\/\/doubletap.ch\/resalio\/"},"modified":"2025-10-20T05:16:32","modified_gmt":"2025-10-20T05:16:32","slug":"resalio","status":"publish","type":"page","link":"https:\/\/doubletap.ch\/de\/resalio\/","title":{"rendered":"resalio"},"content":{"rendered":"\t\t<div data-elementor-type=\"wp-post\" data-elementor-id=\"1011\" class=\"elementor elementor-1011 elementor-129\" data-elementor-post-type=\"page\">\n\t\t\t\t<div class=\"elementor-element elementor-element-f9fd171 e-con-full e-flex e-con e-parent\" data-id=\"f9fd171\" data-element_type=\"container\">\n\t\t\t\t<div class=\"elementor-element elementor-element-69aade2 elementor-widget elementor-widget-spacer\" data-id=\"69aade2\" data-element_type=\"widget\" data-widget_type=\"spacer.default\">\n\t\t\t\t<div class=\"elementor-widget-container\">\n\t\t\t\t\t\t\t<div class=\"elementor-spacer\">\n\t\t\t<div class=\"elementor-spacer-inner\"><\/div>\n\t\t<\/div>\n\t\t\t\t\t\t<\/div>\n\t\t\t\t<\/div>\n\t\t\t\t<div class=\"elementor-element elementor-element-5ef0b34 elementor-widget elementor-widget-image\" data-id=\"5ef0b34\" data-element_type=\"widget\" data-widget_type=\"image.default\">\n\t\t\t\t<div class=\"elementor-widget-container\">\n\t\t\t\t\t\t\t\t\t\t\t\t\t\t\t<img fetchpriority=\"high\" decoding=\"async\" width=\"1024\" height=\"439\" src=\"https:\/\/doubletap.ch\/wp-content\/uploads\/2024\/11\/RESALIO_background_orange_DT-1024x439.png\" class=\"attachment-large size-large wp-image-964\" alt=\"\" srcset=\"https:\/\/doubletap.ch\/wp-content\/uploads\/2024\/11\/RESALIO_background_orange_DT-1024x439.png 1024w, https:\/\/doubletap.ch\/wp-content\/uploads\/2024\/11\/RESALIO_background_orange_DT-300x129.png 300w, https:\/\/doubletap.ch\/wp-content\/uploads\/2024\/11\/RESALIO_background_orange_DT-768x329.png 768w, https:\/\/doubletap.ch\/wp-content\/uploads\/2024\/11\/RESALIO_background_orange_DT-1536x658.png 1536w, https:\/\/doubletap.ch\/wp-content\/uploads\/2024\/11\/RESALIO_background_orange_DT-2048x878.png 2048w\" sizes=\"(max-width: 1024px) 100vw, 1024px\" \/>\t\t\t\t\t\t\t\t\t\t\t\t\t\t\t<\/div>\n\t\t\t\t<\/div>\n\t\t\t\t<div class=\"elementor-element elementor-element-dd87891 elementor-widget elementor-widget-spacer\" data-id=\"dd87891\" data-element_type=\"widget\" data-widget_type=\"spacer.default\">\n\t\t\t\t<div class=\"elementor-widget-container\">\n\t\t\t\t\t\t\t<div class=\"elementor-spacer\">\n\t\t\t<div class=\"elementor-spacer-inner\"><\/div>\n\t\t<\/div>\n\t\t\t\t\t\t<\/div>\n\t\t\t\t<\/div>\n\t\t\t\t<\/div>\n\t\t<div class=\"elementor-element elementor-element-5bdb729 e-flex e-con-boxed e-con e-parent\" data-id=\"5bdb729\" data-element_type=\"container\">\n\t\t\t\t\t<div class=\"e-con-inner\">\n\t\t<div class=\"elementor-element elementor-element-785a6ec e-con-full e-flex e-con e-child\" data-id=\"785a6ec\" data-element_type=\"container\">\n\t\t\t\t<div class=\"elementor-element elementor-element-e2ad3e4 elementor-widget elementor-widget-heading\" data-id=\"e2ad3e4\" data-element_type=\"widget\" data-widget_type=\"heading.default\">\n\t\t\t\t<div class=\"elementor-widget-container\">\n\t\t\t\t\t<h2 class=\"elementor-heading-title elementor-size-default\">Resalio<\/h2>\t\t\t\t<\/div>\n\t\t\t\t<\/div>\n\t\t\t\t<div class=\"elementor-element elementor-element-6b0a20e elementor-widget elementor-widget-spacer\" data-id=\"6b0a20e\" data-element_type=\"widget\" data-widget_type=\"spacer.default\">\n\t\t\t\t<div class=\"elementor-widget-container\">\n\t\t\t\t\t\t\t<div class=\"elementor-spacer\">\n\t\t\t<div class=\"elementor-spacer-inner\"><\/div>\n\t\t<\/div>\n\t\t\t\t\t\t<\/div>\n\t\t\t\t<\/div>\n\t\t\t\t<\/div>\n\t\t<div class=\"elementor-element elementor-element-2912e61 e-con-full e-flex e-con e-child\" data-id=\"2912e61\" data-element_type=\"container\">\n\t\t<div class=\"elementor-element elementor-element-2bdaa6f e-con-full e-flex e-con e-child\" data-id=\"2bdaa6f\" data-element_type=\"container\">\n\t\t\t\t<div class=\"elementor-element elementor-element-69de201 elementor-widget elementor-widget-spacer\" data-id=\"69de201\" data-element_type=\"widget\" data-widget_type=\"spacer.default\">\n\t\t\t\t<div class=\"elementor-widget-container\">\n\t\t\t\t\t\t\t<div class=\"elementor-spacer\">\n\t\t\t<div class=\"elementor-spacer-inner\"><\/div>\n\t\t<\/div>\n\t\t\t\t\t\t<\/div>\n\t\t\t\t<\/div>\n\t\t\t\t<\/div>\n\t\t<div class=\"elementor-element elementor-element-f8c7dbf e-con-full e-flex e-con e-child\" data-id=\"f8c7dbf\" data-element_type=\"container\">\n\t\t\t\t<div class=\"elementor-element elementor-element-47026f4 elementor-widget elementor-widget-spacer\" data-id=\"47026f4\" data-element_type=\"widget\" data-widget_type=\"spacer.default\">\n\t\t\t\t<div class=\"elementor-widget-container\">\n\t\t\t\t\t\t\t<div class=\"elementor-spacer\">\n\t\t\t<div class=\"elementor-spacer-inner\"><\/div>\n\t\t<\/div>\n\t\t\t\t\t\t<\/div>\n\t\t\t\t<\/div>\n\t\t\t\t<\/div>\n\t\t\t\t<\/div>\n\t\t\t\t\t<\/div>\n\t\t\t\t<\/div>\n\t\t<div class=\"elementor-element elementor-element-10a126e e-grid e-con-full e-con e-parent\" data-id=\"10a126e\" data-element_type=\"container\">\n\t\t\t\t<div class=\"elementor-element elementor-element-a8b3680 elementor-widget elementor-widget-heading\" data-id=\"a8b3680\" data-element_type=\"widget\" data-widget_type=\"heading.default\">\n\t\t\t\t<div class=\"elementor-widget-container\">\n\t\t\t\t\t<h2 class=\"elementor-heading-title elementor-size-default\"><font color=\"#f6d15\">Dienstleistungen<br><br><br><br><font color=\"#00000\"> Logo<br><br>Visuelle Identit\u00e4t<br><br>Visitenkarten<br><br>UI\/UX<br><br><br><br><\/font><\/font><\/h2>\t\t\t\t<\/div>\n\t\t\t\t<\/div>\n\t\t\t\t<div class=\"elementor-element elementor-element-8acd8d0 elementor-widget elementor-widget-heading\" data-id=\"8acd8d0\" data-element_type=\"widget\" data-widget_type=\"heading.default\">\n\t\t\t\t<div class=\"elementor-widget-container\">\n\t\t\t\t\t<h2 class=\"elementor-heading-title elementor-size-default\">Der Weg zum Wohlbefinden kann lang und beschwerlich sein. Die Praxis Resalio hat sich zur Aufgabe gemacht, Menschen auf diesem Weg mit ihren f\u00fcnf Therapeutinnen (Psychologie, Psychotherapie, Sexualtherapie und Reik) zu begleiten. <br> <br> Bei der Gr\u00fcndung der Praxis haben wir bei der Erstellung des Logos, der visuellen Identit\u00e4t und der UI\/UX der Website unterst\u00fctzt. Ausserdem hat jede Fachkraft ihre passende Visitenkarte erhalten.<\/h2>\t\t\t\t<\/div>\n\t\t\t\t<\/div>\n\t\t<div class=\"elementor-element elementor-element-16313ea e-flex e-con-boxed e-con e-child\" data-id=\"16313ea\" data-element_type=\"container\">\n\t\t\t\t\t<div class=\"e-con-inner\">\n\t\t\t\t<div class=\"elementor-element elementor-element-29727f5 elementor-widget elementor-widget-spacer\" data-id=\"29727f5\" data-element_type=\"widget\" data-widget_type=\"spacer.default\">\n\t\t\t\t<div class=\"elementor-widget-container\">\n\t\t\t\t\t\t\t<div class=\"elementor-spacer\">\n\t\t\t<div class=\"elementor-spacer-inner\"><\/div>\n\t\t<\/div>\n\t\t\t\t\t\t<\/div>\n\t\t\t\t<\/div>\n\t\t\t\t\t<\/div>\n\t\t\t\t<\/div>\n\t\t\t\t<div class=\"elementor-element elementor-element-fc6e475 elementor-widget elementor-widget-spacer\" data-id=\"fc6e475\" data-element_type=\"widget\" data-widget_type=\"spacer.default\">\n\t\t\t\t<div class=\"elementor-widget-container\">\n\t\t\t\t\t\t\t<div class=\"elementor-spacer\">\n\t\t\t<div class=\"elementor-spacer-inner\"><\/div>\n\t\t<\/div>\n\t\t\t\t\t\t<\/div>\n\t\t\t\t<\/div>\n\t\t\t\t<\/div>\n\t\t<div class=\"elementor-element elementor-element-bafa150 e-grid e-con-boxed e-con e-parent\" data-id=\"bafa150\" data-element_type=\"container\">\n\t\t\t\t\t<div class=\"e-con-inner\">\n\t\t\t\t<div class=\"elementor-element elementor-element-0795bd1 elementor-widget elementor-widget-image\" data-id=\"0795bd1\" data-element_type=\"widget\" data-widget_type=\"image.default\">\n\t\t\t\t<div class=\"elementor-widget-container\">\n\t\t\t\t\t\t\t\t\t\t\t\t\t\t\t<img decoding=\"async\" width=\"5252\" height=\"5252\" src=\"https:\/\/doubletap.ch\/wp-content\/uploads\/2024\/11\/dt_resalio.png\" class=\"attachment-full size-full wp-image-965\" alt=\"\" srcset=\"https:\/\/doubletap.ch\/wp-content\/uploads\/2024\/11\/dt_resalio.png 5252w, https:\/\/doubletap.ch\/wp-content\/uploads\/2024\/11\/dt_resalio-300x300.png 300w, https:\/\/doubletap.ch\/wp-content\/uploads\/2024\/11\/dt_resalio-1024x1024.png 1024w, https:\/\/doubletap.ch\/wp-content\/uploads\/2024\/11\/dt_resalio-150x150.png 150w, https:\/\/doubletap.ch\/wp-content\/uploads\/2024\/11\/dt_resalio-768x768.png 768w, https:\/\/doubletap.ch\/wp-content\/uploads\/2024\/11\/dt_resalio-1536x1536.png 1536w, https:\/\/doubletap.ch\/wp-content\/uploads\/2024\/11\/dt_resalio-2048x2048.png 2048w\" sizes=\"(max-width: 5252px) 100vw, 5252px\" \/>\t\t\t\t\t\t\t\t\t\t\t\t\t\t\t<\/div>\n\t\t\t\t<\/div>\n\t\t\t\t<div class=\"elementor-element elementor-element-c5b9359 elementor-widget elementor-widget-image\" data-id=\"c5b9359\" data-element_type=\"widget\" data-widget_type=\"image.default\">\n\t\t\t\t<div class=\"elementor-widget-container\">\n\t\t\t\t\t\t\t\t\t\t\t\t\t\t\t<img decoding=\"async\" width=\"1050\" height=\"1051\" src=\"https:\/\/doubletap.ch\/wp-content\/uploads\/2024\/11\/Plan-de-travail-5.png\" class=\"attachment-full size-full wp-image-966\" alt=\"\" srcset=\"https:\/\/doubletap.ch\/wp-content\/uploads\/2024\/11\/Plan-de-travail-5.png 1050w, https:\/\/doubletap.ch\/wp-content\/uploads\/2024\/11\/Plan-de-travail-5-300x300.png 300w, https:\/\/doubletap.ch\/wp-content\/uploads\/2024\/11\/Plan-de-travail-5-1024x1024.png 1024w, https:\/\/doubletap.ch\/wp-content\/uploads\/2024\/11\/Plan-de-travail-5-150x150.png 150w, https:\/\/doubletap.ch\/wp-content\/uploads\/2024\/11\/Plan-de-travail-5-768x769.png 768w\" sizes=\"(max-width: 1050px) 100vw, 1050px\" \/>\t\t\t\t\t\t\t\t\t\t\t\t\t\t\t<\/div>\n\t\t\t\t<\/div>\n\t\t\t\t\t<\/div>\n\t\t\t\t<\/div>\n\t\t<div class=\"elementor-element elementor-element-15a13ae e-flex e-con-boxed e-con e-parent\" data-id=\"15a13ae\" data-element_type=\"container\">\n\t\t\t\t\t<div class=\"e-con-inner\">\n\t\t\t\t<div class=\"elementor-element elementor-element-3b840a5 elementor-widget elementor-widget-spacer\" data-id=\"3b840a5\" data-element_type=\"widget\" data-widget_type=\"spacer.default\">\n\t\t\t\t<div class=\"elementor-widget-container\">\n\t\t\t\t\t\t\t<div class=\"elementor-spacer\">\n\t\t\t<div class=\"elementor-spacer-inner\"><\/div>\n\t\t<\/div>\n\t\t\t\t\t\t<\/div>\n\t\t\t\t<\/div>\n\t\t\t\t\t<\/div>\n\t\t\t\t<\/div>\n\t\t<div class=\"elementor-element elementor-element-621e04a e-grid e-con-boxed e-con e-parent\" data-id=\"621e04a\" data-element_type=\"container\">\n\t\t\t\t\t<div class=\"e-con-inner\">\n\t\t\t\t<div class=\"elementor-element elementor-element-4bec908 elementor-widget elementor-widget-heading\" data-id=\"4bec908\" data-element_type=\"widget\" data-widget_type=\"heading.default\">\n\t\t\t\t<div class=\"elementor-widget-container\">\n\t\t\t\t\t<h2 class=\"elementor-heading-title elementor-size-default\"><a href=\"http:\/\/www.doubletap.ch\/de\/nidauvolley\">&lt; Nidau Volley<\/a><\/h2>\t\t\t\t<\/div>\n\t\t\t\t<\/div>\n\t\t\t\t\t<\/div>\n\t\t\t\t<\/div>\n\t\t<div class=\"elementor-element elementor-element-2a220e5 e-flex e-con-boxed e-con e-parent\" data-id=\"2a220e5\" data-element_type=\"container\">\n\t\t\t\t\t<div class=\"e-con-inner\">\n\t\t\t\t<div class=\"elementor-element elementor-element-31b6f88 elementor-widget elementor-widget-spacer\" data-id=\"31b6f88\" data-element_type=\"widget\" data-widget_type=\"spacer.default\">\n\t\t\t\t<div class=\"elementor-widget-container\">\n\t\t\t\t\t\t\t<div class=\"elementor-spacer\">\n\t\t\t<div class=\"elementor-spacer-inner\"><\/div>\n\t\t<\/div>\n\t\t\t\t\t\t<\/div>\n\t\t\t\t<\/div>\n\t\t\t\t<div class=\"elementor-element elementor-element-aa66072 elementor-widget elementor-widget-heading\" data-id=\"aa66072\" data-element_type=\"widget\" data-widget_type=\"heading.default\">\n\t\t\t\t<div class=\"elementor-widget-container\">\n\t\t\t\t\t<h2 class=\"elementor-heading-title elementor-size-default\">let's get to work!<\/h2>\t\t\t\t<\/div>\n\t\t\t\t<\/div>\n\t\t\t\t<div class=\"elementor-element elementor-element-194be11 elementor-widget elementor-widget-spacer\" data-id=\"194be11\" data-element_type=\"widget\" data-widget_type=\"spacer.default\">\n\t\t\t\t<div class=\"elementor-widget-container\">\n\t\t\t\t\t\t\t<div class=\"elementor-spacer\">\n\t\t\t<div class=\"elementor-spacer-inner\"><\/div>\n\t\t<\/div>\n\t\t\t\t\t\t<\/div>\n\t\t\t\t<\/div>\n\t\t\t\t<div class=\"elementor-element elementor-element-6fe3f24 elementor-widget elementor-widget-button\" data-id=\"6fe3f24\" data-element_type=\"widget\" data-widget_type=\"button.default\">\n\t\t\t\t<div class=\"elementor-widget-container\">\n\t\t\t\t\t\t\t\t\t<div class=\"elementor-button-wrapper\">\n\t\t\t\t\t<a class=\"elementor-button elementor-button-link elementor-size-sm\" href=\"mailto:hello@doubletap.ch\">\n\t\t\t\t\t\t<span class=\"elementor-button-content-wrapper\">\n\t\t\t\t\t\t\t\t\t<span class=\"elementor-button-text\">work with us<\/span>\n\t\t\t\t\t<\/span>\n\t\t\t\t\t<\/a>\n\t\t\t\t<\/div>\n\t\t\t\t\t\t\t\t<\/div>\n\t\t\t\t<\/div>\n\t\t\t\t\t<\/div>\n\t\t\t\t<\/div>\n\t\t<div class=\"elementor-element elementor-element-18f5e62 e-flex e-con-boxed e-con e-parent\" data-id=\"18f5e62\" data-element_type=\"container\">\n\t\t\t\t\t<div class=\"e-con-inner\">\n\t\t\t\t<div class=\"elementor-element elementor-element-c454c0c elementor-widget elementor-widget-spacer\" data-id=\"c454c0c\" data-element_type=\"widget\" data-widget_type=\"spacer.default\">\n\t\t\t\t<div class=\"elementor-widget-container\">\n\t\t\t\t\t\t\t<div class=\"elementor-spacer\">\n\t\t\t<div class=\"elementor-spacer-inner\"><\/div>\n\t\t<\/div>\n\t\t\t\t\t\t<\/div>\n\t\t\t\t<\/div>\n\t\t\t\t\t<\/div>\n\t\t\t\t<\/div>\n\t\t\t\t<\/div>\n\t\t","protected":false},"excerpt":{"rendered":"<p>Resalio Dienstleistungen Logo Visuelle Identit\u00e4t Visitenkarten UI\/UX Der Weg zum Wohlbefinden kann lang und beschwerlich sein. Die Praxis Resalio hat [&hellip;]<\/p>\n","protected":false},"author":2,"featured_media":0,"parent":0,"menu_order":0,"comment_status":"closed","ping_status":"closed","template":"","meta":{"site-sidebar-layout":"default","site-content-layout":"","ast-site-content-layout":"","site-content-style":"default","site-sidebar-style":"default","ast-global-header-display":"","ast-banner-title-visibility":"","ast-main-header-display":"","ast-hfb-above-header-display":"","ast-hfb-below-header-display":"","ast-hfb-mobile-header-display":"","site-post-title":"","ast-breadcrumbs-content":"","ast-featured-img":"","footer-sml-layout":"","theme-transparent-header-meta":"","adv-header-id-meta":"","stick-header-meta":"","header-above-stick-meta":"","header-main-stick-meta":"","header-below-stick-meta":"","astra-migrate-meta-layouts":"default","ast-page-background-enabled":"default","ast-page-background-meta":{"desktop":{"background-color":"var(--ast-global-color-4)","background-image":"","background-repeat":"repeat","background-position":"center center","background-size":"auto","background-attachment":"scroll","background-type":"","background-media":"","overlay-type":"","overlay-color":"","overlay-opacity":"","overlay-gradient":""},"tablet":{"background-color":"","background-image":"","background-repeat":"repeat","background-position":"center center","background-size":"auto","background-attachment":"scroll","background-type":"","background-media":"","overlay-type":"","overlay-color":"","overlay-opacity":"","overlay-gradient":""},"mobile":{"background-color":"","background-image":"","background-repeat":"repeat","background-position":"center center","background-size":"auto","background-attachment":"scroll","background-type":"","background-media":"","overlay-type":"","overlay-color":"","overlay-opacity":"","overlay-gradient":""}},"ast-content-background-meta":{"desktop":{"background-color":"var(--ast-global-color-5)","background-image":"","background-repeat":"repeat","background-position":"center center","background-size":"auto","background-attachment":"scroll","background-type":"","background-media":"","overlay-type":"","overlay-color":"","overlay-opacity":"","overlay-gradient":""},"tablet":{"background-color":"var(--ast-global-color-5)","background-image":"","background-repeat":"repeat","background-position":"center center","background-size":"auto","background-attachment":"scroll","background-type":"","background-media":"","overlay-type":"","overlay-color":"","overlay-opacity":"","overlay-gradient":""},"mobile":{"background-color":"var(--ast-global-color-5)","background-image":"","background-repeat":"repeat","background-position":"center center","background-size":"auto","background-attachment":"scroll","background-type":"","background-media":"","overlay-type":"","overlay-color":"","overlay-opacity":"","overlay-gradient":""}},"footnotes":""},"class_list":["post-1011","page","type-page","status-publish","hentry"],"_links":{"self":[{"href":"https:\/\/doubletap.ch\/de\/wp-json\/wp\/v2\/pages\/1011","targetHints":{"allow":["GET"]}}],"collection":[{"href":"https:\/\/doubletap.ch\/de\/wp-json\/wp\/v2\/pages"}],"about":[{"href":"https:\/\/doubletap.ch\/de\/wp-json\/wp\/v2\/types\/page"}],"author":[{"embeddable":true,"href":"https:\/\/doubletap.ch\/de\/wp-json\/wp\/v2\/users\/2"}],"replies":[{"embeddable":true,"href":"https:\/\/doubletap.ch\/de\/wp-json\/wp\/v2\/comments?post=1011"}],"version-history":[{"count":10,"href":"https:\/\/doubletap.ch\/de\/wp-json\/wp\/v2\/pages\/1011\/revisions"}],"predecessor-version":[{"id":1832,"href":"https:\/\/doubletap.ch\/de\/wp-json\/wp\/v2\/pages\/1011\/revisions\/1832"}],"wp:attachment":[{"href":"https:\/\/doubletap.ch\/de\/wp-json\/wp\/v2\/media?parent=1011"}],"curies":[{"name":"wp","href":"https:\/\/api.w.org\/{rel}","templated":true}]}}