{"id":1013,"date":"2024-11-20T21:32:37","date_gmt":"2024-11-20T21:32:37","guid":{"rendered":"https:\/\/doubletap.ch\/letusstretch\/"},"modified":"2026-02-20T09:28:12","modified_gmt":"2026-02-20T09:28:12","slug":"letusstudio","status":"publish","type":"page","link":"https:\/\/doubletap.ch\/de\/letusstudio\/","title":{"rendered":"letusstretch"},"content":{"rendered":"\t\t<div data-elementor-type=\"wp-post\" data-elementor-id=\"1013\" class=\"elementor elementor-1013 elementor-293\" data-elementor-post-type=\"page\">\n\t\t\t\t<div class=\"elementor-element elementor-element-f9fd171 e-con-full e-flex e-con e-parent\" data-id=\"f9fd171\" data-element_type=\"container\">\n\t\t\t\t<div class=\"elementor-element elementor-element-01417ab elementor-widget__width-initial elementor-widget elementor-widget-video\" data-id=\"01417ab\" data-element_type=\"widget\" data-settings=\"{&quot;video_type&quot;:&quot;hosted&quot;,&quot;autoplay&quot;:&quot;yes&quot;,&quot;play_on_mobile&quot;:&quot;yes&quot;,&quot;mute&quot;:&quot;yes&quot;,&quot;loop&quot;:&quot;yes&quot;}\" data-widget_type=\"video.default\">\n\t\t\t\t<div class=\"elementor-widget-container\">\n\t\t\t\t\t\t\t<div class=\"e-hosted-video elementor-wrapper elementor-open-inline\">\n\t\t\t\t\t<video class=\"elementor-video\" src=\"https:\/\/doubletap.ch\/wp-content\/uploads\/2024\/11\/Let_Us_Stretch_16_9.mp4\" autoplay=\"\" loop=\"\" muted=\"muted\" playsinline=\"\" controlsList=\"nodownload\"><\/video>\n\t\t\t\t<\/div>\n\t\t\t\t\t\t<\/div>\n\t\t\t\t<\/div>\n\t\t\t\t<div class=\"elementor-element elementor-element-dd87891 elementor-widget elementor-widget-spacer\" data-id=\"dd87891\" data-element_type=\"widget\" data-widget_type=\"spacer.default\">\n\t\t\t\t<div class=\"elementor-widget-container\">\n\t\t\t\t\t\t\t<div class=\"elementor-spacer\">\n\t\t\t<div class=\"elementor-spacer-inner\"><\/div>\n\t\t<\/div>\n\t\t\t\t\t\t<\/div>\n\t\t\t\t<\/div>\n\t\t\t\t<\/div>\n\t\t<div class=\"elementor-element elementor-element-5bdb729 e-flex e-con-boxed e-con e-parent\" data-id=\"5bdb729\" data-element_type=\"container\">\n\t\t\t\t\t<div class=\"e-con-inner\">\n\t\t<div class=\"elementor-element elementor-element-785a6ec e-con-full e-flex e-con e-child\" data-id=\"785a6ec\" data-element_type=\"container\">\n\t\t\t\t<div class=\"elementor-element elementor-element-e2ad3e4 elementor-widget elementor-widget-heading\" data-id=\"e2ad3e4\" data-element_type=\"widget\" data-widget_type=\"heading.default\">\n\t\t\t\t<div class=\"elementor-widget-container\">\n\t\t\t\t\t<h2 class=\"elementor-heading-title elementor-size-default\">Let Us Stretch<\/h2>\t\t\t\t<\/div>\n\t\t\t\t<\/div>\n\t\t\t\t<div class=\"elementor-element elementor-element-6b0a20e elementor-widget elementor-widget-spacer\" data-id=\"6b0a20e\" data-element_type=\"widget\" data-widget_type=\"spacer.default\">\n\t\t\t\t<div class=\"elementor-widget-container\">\n\t\t\t\t\t\t\t<div class=\"elementor-spacer\">\n\t\t\t<div class=\"elementor-spacer-inner\"><\/div>\n\t\t<\/div>\n\t\t\t\t\t\t<\/div>\n\t\t\t\t<\/div>\n\t\t\t\t<\/div>\n\t\t<div class=\"elementor-element elementor-element-2912e61 e-con-full e-flex e-con e-child\" data-id=\"2912e61\" data-element_type=\"container\">\n\t\t<div class=\"elementor-element elementor-element-2bdaa6f e-con-full e-flex e-con e-child\" data-id=\"2bdaa6f\" data-element_type=\"container\">\n\t\t\t\t<div class=\"elementor-element elementor-element-69de201 elementor-widget elementor-widget-spacer\" data-id=\"69de201\" data-element_type=\"widget\" data-widget_type=\"spacer.default\">\n\t\t\t\t<div class=\"elementor-widget-container\">\n\t\t\t\t\t\t\t<div class=\"elementor-spacer\">\n\t\t\t<div class=\"elementor-spacer-inner\"><\/div>\n\t\t<\/div>\n\t\t\t\t\t\t<\/div>\n\t\t\t\t<\/div>\n\t\t\t\t<\/div>\n\t\t<div class=\"elementor-element elementor-element-f8c7dbf e-con-full e-flex e-con e-child\" data-id=\"f8c7dbf\" data-element_type=\"container\">\n\t\t\t\t<div class=\"elementor-element elementor-element-47026f4 elementor-widget elementor-widget-spacer\" data-id=\"47026f4\" data-element_type=\"widget\" data-widget_type=\"spacer.default\">\n\t\t\t\t<div class=\"elementor-widget-container\">\n\t\t\t\t\t\t\t<div class=\"elementor-spacer\">\n\t\t\t<div class=\"elementor-spacer-inner\"><\/div>\n\t\t<\/div>\n\t\t\t\t\t\t<\/div>\n\t\t\t\t<\/div>\n\t\t\t\t<\/div>\n\t\t\t\t<\/div>\n\t\t\t\t\t<\/div>\n\t\t\t\t<\/div>\n\t\t<div class=\"elementor-element elementor-element-10a126e e-grid e-con-full e-con e-parent\" data-id=\"10a126e\" data-element_type=\"container\">\n\t\t\t\t<div class=\"elementor-element elementor-element-a8b3680 elementor-widget elementor-widget-heading\" data-id=\"a8b3680\" data-element_type=\"widget\" data-widget_type=\"heading.default\">\n\t\t\t\t<div class=\"elementor-widget-container\">\n\t\t\t\t\t<h2 class=\"elementor-heading-title elementor-size-default\"><font color=\"#f6d15\">Dienstleistungen<br><br><br><br><font color=\"#00000\"> Refresh CI\/CD<br><br>Social Media Template<br><br>Flyer<br><br>Fotos<br><br>Video<br><br><\/font><\/font><\/h2>\t\t\t\t<\/div>\n\t\t\t\t<\/div>\n\t\t\t\t<div class=\"elementor-element elementor-element-8acd8d0 elementor-widget elementor-widget-heading\" data-id=\"8acd8d0\" data-element_type=\"widget\" data-widget_type=\"heading.default\">\n\t\t\t\t<div class=\"elementor-widget-container\">\n\t\t\t\t\t<h2 class=\"elementor-heading-title elementor-size-default\">Nichts ist wichtiger, als sich um sich selbst zu k\u00fcmmern und f\u00fcr sein Wohlergehen zu sorgen. Let Us Stretch bietet die perfekte Gelegenheit, K\u00f6rper und Geist wieder ins Gleichgewicht zu bringen. <br><br>Zwischen zwei Stretching-Sitzungen konnten wir Pr\u00e4sentationsflyer, Visitenkarten und auch ein Fotoshooting f\u00fcr die sozialen Netzwerke des Studios erstellen.<\/h2>\t\t\t\t<\/div>\n\t\t\t\t<\/div>\n\t\t<div class=\"elementor-element elementor-element-16313ea e-flex e-con-boxed e-con e-child\" data-id=\"16313ea\" data-element_type=\"container\">\n\t\t\t\t\t<div class=\"e-con-inner\">\n\t\t\t\t<div class=\"elementor-element elementor-element-29727f5 elementor-widget elementor-widget-spacer\" data-id=\"29727f5\" data-element_type=\"widget\" data-widget_type=\"spacer.default\">\n\t\t\t\t<div class=\"elementor-widget-container\">\n\t\t\t\t\t\t\t<div class=\"elementor-spacer\">\n\t\t\t<div class=\"elementor-spacer-inner\"><\/div>\n\t\t<\/div>\n\t\t\t\t\t\t<\/div>\n\t\t\t\t<\/div>\n\t\t\t\t\t<\/div>\n\t\t\t\t<\/div>\n\t\t\t\t<div class=\"elementor-element elementor-element-fc6e475 elementor-widget elementor-widget-spacer\" data-id=\"fc6e475\" data-element_type=\"widget\" data-widget_type=\"spacer.default\">\n\t\t\t\t<div class=\"elementor-widget-container\">\n\t\t\t\t\t\t\t<div class=\"elementor-spacer\">\n\t\t\t<div class=\"elementor-spacer-inner\"><\/div>\n\t\t<\/div>\n\t\t\t\t\t\t<\/div>\n\t\t\t\t<\/div>\n\t\t\t\t<\/div>\n\t\t<div class=\"elementor-element elementor-element-38963e2 e-flex e-con-boxed e-con e-parent\" data-id=\"38963e2\" data-element_type=\"container\">\n\t\t\t\t\t<div class=\"e-con-inner\">\n\t\t<div class=\"elementor-element elementor-element-92f8312 e-con-full e-flex e-con e-child\" data-id=\"92f8312\" data-element_type=\"container\">\n\t\t\t\t<div class=\"elementor-element elementor-element-94708e9 elementor-widget elementor-widget-video\" data-id=\"94708e9\" data-element_type=\"widget\" data-settings=\"{&quot;video_type&quot;:&quot;hosted&quot;,&quot;autoplay&quot;:&quot;yes&quot;,&quot;play_on_mobile&quot;:&quot;yes&quot;,&quot;mute&quot;:&quot;yes&quot;,&quot;loop&quot;:&quot;yes&quot;}\" data-widget_type=\"video.default\">\n\t\t\t\t<div class=\"elementor-widget-container\">\n\t\t\t\t\t\t\t<div class=\"e-hosted-video elementor-wrapper elementor-open-inline\">\n\t\t\t\t\t<video class=\"elementor-video\" src=\"https:\/\/doubletap.ch\/wp-content\/uploads\/2024\/11\/LetsUsStrech.mp4\" autoplay=\"\" loop=\"\" muted=\"muted\" playsinline=\"\" controlsList=\"nodownload\"><\/video>\n\t\t\t\t<\/div>\n\t\t\t\t\t\t<\/div>\n\t\t\t\t<\/div>\n\t\t\t\t<\/div>\n\t\t<div class=\"elementor-element elementor-element-bf07c62 e-con-full e-flex e-con e-child\" data-id=\"bf07c62\" data-element_type=\"container\">\n\t\t<div class=\"elementor-element elementor-element-f18d37b e-con-full e-flex e-con e-child\" data-id=\"f18d37b\" data-element_type=\"container\">\n\t\t\t\t<div class=\"elementor-element elementor-element-0795bd1 elementor-widget elementor-widget-image\" data-id=\"0795bd1\" data-element_type=\"widget\" data-widget_type=\"image.default\">\n\t\t\t\t<div class=\"elementor-widget-container\">\n\t\t\t\t\t\t\t\t\t\t\t\t\t\t\t<img fetchpriority=\"high\" decoding=\"async\" width=\"1024\" height=\"1024\" src=\"https:\/\/doubletap.ch\/wp-content\/uploads\/2024\/11\/Postcard-Mockup-1024x1024.png\" class=\"attachment-large size-large wp-image-956\" alt=\"\" srcset=\"https:\/\/doubletap.ch\/wp-content\/uploads\/2024\/11\/Postcard-Mockup-1024x1024.png 1024w, https:\/\/doubletap.ch\/wp-content\/uploads\/2024\/11\/Postcard-Mockup-300x300.png 300w, https:\/\/doubletap.ch\/wp-content\/uploads\/2024\/11\/Postcard-Mockup-150x150.png 150w, https:\/\/doubletap.ch\/wp-content\/uploads\/2024\/11\/Postcard-Mockup-768x768.png 768w, https:\/\/doubletap.ch\/wp-content\/uploads\/2024\/11\/Postcard-Mockup-1536x1536.png 1536w, https:\/\/doubletap.ch\/wp-content\/uploads\/2024\/11\/Postcard-Mockup-2048x2048.png 2048w\" sizes=\"(max-width: 1024px) 100vw, 1024px\" \/>\t\t\t\t\t\t\t\t\t\t\t\t\t\t\t<\/div>\n\t\t\t\t<\/div>\n\t\t\t\t<\/div>\n\t\t<div class=\"elementor-element elementor-element-0c5e808 e-con-full e-flex e-con e-child\" data-id=\"0c5e808\" data-element_type=\"container\">\n\t\t\t\t<div class=\"elementor-element elementor-element-8718afa elementor-widget elementor-widget-spacer\" data-id=\"8718afa\" data-element_type=\"widget\" data-widget_type=\"spacer.default\">\n\t\t\t\t<div class=\"elementor-widget-container\">\n\t\t\t\t\t\t\t<div class=\"elementor-spacer\">\n\t\t\t<div class=\"elementor-spacer-inner\"><\/div>\n\t\t<\/div>\n\t\t\t\t\t\t<\/div>\n\t\t\t\t<\/div>\n\t\t\t\t<div class=\"elementor-element elementor-element-c5b9359 elementor-widget elementor-widget-image\" data-id=\"c5b9359\" data-element_type=\"widget\" data-widget_type=\"image.default\">\n\t\t\t\t<div class=\"elementor-widget-container\">\n\t\t\t\t\t\t\t\t\t\t\t\t\t\t\t<img decoding=\"async\" width=\"4436\" height=\"4437\" src=\"https:\/\/doubletap.ch\/wp-content\/uploads\/2024\/11\/letusstretch_card.png\" class=\"attachment-full size-full wp-image-954\" alt=\"\" srcset=\"https:\/\/doubletap.ch\/wp-content\/uploads\/2024\/11\/letusstretch_card.png 4436w, https:\/\/doubletap.ch\/wp-content\/uploads\/2024\/11\/letusstretch_card-300x300.png 300w, https:\/\/doubletap.ch\/wp-content\/uploads\/2024\/11\/letusstretch_card-1024x1024.png 1024w, https:\/\/doubletap.ch\/wp-content\/uploads\/2024\/11\/letusstretch_card-150x150.png 150w, https:\/\/doubletap.ch\/wp-content\/uploads\/2024\/11\/letusstretch_card-768x768.png 768w, https:\/\/doubletap.ch\/wp-content\/uploads\/2024\/11\/letusstretch_card-1536x1536.png 1536w, https:\/\/doubletap.ch\/wp-content\/uploads\/2024\/11\/letusstretch_card-2048x2048.png 2048w\" sizes=\"(max-width: 4436px) 100vw, 4436px\" \/>\t\t\t\t\t\t\t\t\t\t\t\t\t\t\t<\/div>\n\t\t\t\t<\/div>\n\t\t\t\t<\/div>\n\t\t\t\t<\/div>\n\t\t\t\t\t<\/div>\n\t\t\t\t<\/div>\n\t\t<div class=\"elementor-element elementor-element-15a13ae e-flex e-con-boxed e-con e-parent\" data-id=\"15a13ae\" data-element_type=\"container\">\n\t\t\t\t\t<div class=\"e-con-inner\">\n\t\t\t\t<div class=\"elementor-element elementor-element-3b840a5 elementor-widget elementor-widget-spacer\" data-id=\"3b840a5\" data-element_type=\"widget\" data-widget_type=\"spacer.default\">\n\t\t\t\t<div class=\"elementor-widget-container\">\n\t\t\t\t\t\t\t<div class=\"elementor-spacer\">\n\t\t\t<div class=\"elementor-spacer-inner\"><\/div>\n\t\t<\/div>\n\t\t\t\t\t\t<\/div>\n\t\t\t\t<\/div>\n\t\t\t\t\t<\/div>\n\t\t\t\t<\/div>\n\t\t<div class=\"elementor-element elementor-element-621e04a e-grid e-con-boxed e-con e-parent\" data-id=\"621e04a\" data-element_type=\"container\">\n\t\t\t\t\t<div class=\"e-con-inner\">\n\t\t\t\t<div class=\"elementor-element elementor-element-4bec908 elementor-widget elementor-widget-heading\" data-id=\"4bec908\" data-element_type=\"widget\" data-widget_type=\"heading.default\">\n\t\t\t\t<div class=\"elementor-widget-container\">\n\t\t\t\t\t<h2 class=\"elementor-heading-title elementor-size-default\"><a href=\"http:\/\/www.doubletap.ch\/de\/compagniedeva\">&lt; Compagnie Deva<\/a><\/h2>\t\t\t\t<\/div>\n\t\t\t\t<\/div>\n\t\t\t\t<div class=\"elementor-element elementor-element-101768f elementor-widget elementor-widget-heading\" data-id=\"101768f\" data-element_type=\"widget\" data-widget_type=\"heading.default\">\n\t\t\t\t<div class=\"elementor-widget-container\">\n\t\t\t\t\t<h2 class=\"elementor-heading-title elementor-size-default\"><a href=\"http:\/\/www.doubletap.ch\/de\/nidauvolley\">Nidau Volley &gt;<\/a><\/h2>\t\t\t\t<\/div>\n\t\t\t\t<\/div>\n\t\t\t\t\t<\/div>\n\t\t\t\t<\/div>\n\t\t<div class=\"elementor-element elementor-element-2a220e5 e-flex e-con-boxed e-con e-parent\" data-id=\"2a220e5\" data-element_type=\"container\">\n\t\t\t\t\t<div class=\"e-con-inner\">\n\t\t\t\t<div class=\"elementor-element elementor-element-31b6f88 elementor-widget elementor-widget-spacer\" data-id=\"31b6f88\" data-element_type=\"widget\" data-widget_type=\"spacer.default\">\n\t\t\t\t<div class=\"elementor-widget-container\">\n\t\t\t\t\t\t\t<div class=\"elementor-spacer\">\n\t\t\t<div class=\"elementor-spacer-inner\"><\/div>\n\t\t<\/div>\n\t\t\t\t\t\t<\/div>\n\t\t\t\t<\/div>\n\t\t\t\t<div class=\"elementor-element elementor-element-aa66072 elementor-widget elementor-widget-heading\" data-id=\"aa66072\" data-element_type=\"widget\" data-widget_type=\"heading.default\">\n\t\t\t\t<div class=\"elementor-widget-container\">\n\t\t\t\t\t<h2 class=\"elementor-heading-title elementor-size-default\">let's get to work!<\/h2>\t\t\t\t<\/div>\n\t\t\t\t<\/div>\n\t\t\t\t<div class=\"elementor-element elementor-element-194be11 elementor-widget elementor-widget-spacer\" data-id=\"194be11\" data-element_type=\"widget\" data-widget_type=\"spacer.default\">\n\t\t\t\t<div class=\"elementor-widget-container\">\n\t\t\t\t\t\t\t<div class=\"elementor-spacer\">\n\t\t\t<div class=\"elementor-spacer-inner\"><\/div>\n\t\t<\/div>\n\t\t\t\t\t\t<\/div>\n\t\t\t\t<\/div>\n\t\t\t\t<div class=\"elementor-element elementor-element-6fe3f24 elementor-widget elementor-widget-button\" data-id=\"6fe3f24\" data-element_type=\"widget\" data-widget_type=\"button.default\">\n\t\t\t\t<div class=\"elementor-widget-container\">\n\t\t\t\t\t\t\t\t\t<div class=\"elementor-button-wrapper\">\n\t\t\t\t\t<a class=\"elementor-button elementor-button-link elementor-size-sm\" href=\"mailto:hello@doubletap.ch\">\n\t\t\t\t\t\t<span class=\"elementor-button-content-wrapper\">\n\t\t\t\t\t\t\t\t\t<span class=\"elementor-button-text\">work with us<\/span>\n\t\t\t\t\t<\/span>\n\t\t\t\t\t<\/a>\n\t\t\t\t<\/div>\n\t\t\t\t\t\t\t\t<\/div>\n\t\t\t\t<\/div>\n\t\t\t\t\t<\/div>\n\t\t\t\t<\/div>\n\t\t<div class=\"elementor-element elementor-element-18f5e62 e-flex e-con-boxed e-con e-parent\" data-id=\"18f5e62\" data-element_type=\"container\">\n\t\t\t\t\t<div class=\"e-con-inner\">\n\t\t\t\t<div class=\"elementor-element elementor-element-c454c0c elementor-widget elementor-widget-spacer\" data-id=\"c454c0c\" data-element_type=\"widget\" data-widget_type=\"spacer.default\">\n\t\t\t\t<div class=\"elementor-widget-container\">\n\t\t\t\t\t\t\t<div class=\"elementor-spacer\">\n\t\t\t<div class=\"elementor-spacer-inner\"><\/div>\n\t\t<\/div>\n\t\t\t\t\t\t<\/div>\n\t\t\t\t<\/div>\n\t\t\t\t\t<\/div>\n\t\t\t\t<\/div>\n\t\t\t\t<\/div>\n\t\t","protected":false},"excerpt":{"rendered":"<p>https:\/\/doubletap.ch\/wp-content\/uploads\/2024\/11\/Let_Us_Stretch_16_9.mp4 Let Us Stretch Dienstleistungen Refresh CI\/CD Social Media Template Flyer Fotos Video Nichts ist wichtiger, als sich um sich [&hellip;]<\/p>\n","protected":false},"author":2,"featured_media":0,"parent":0,"menu_order":0,"comment_status":"closed","ping_status":"closed","template":"","meta":{"site-sidebar-layout":"default","site-content-layout":"","ast-site-content-layout":"","site-content-style":"default","site-sidebar-style":"default","ast-global-header-display":"","ast-banner-title-visibility":"","ast-main-header-display":"","ast-hfb-above-header-display":"","ast-hfb-below-header-display":"","ast-hfb-mobile-header-display":"","site-post-title":"","ast-breadcrumbs-content":"","ast-featured-img":"","footer-sml-layout":"","theme-transparent-header-meta":"","adv-header-id-meta":"","stick-header-meta":"","header-above-stick-meta":"","header-main-stick-meta":"","header-below-stick-meta":"","astra-migrate-meta-layouts":"default","ast-page-background-enabled":"default","ast-page-background-meta":{"desktop":{"background-color":"var(--ast-global-color-4)","background-image":"","background-repeat":"repeat","background-position":"center center","background-size":"auto","background-attachment":"scroll","background-type":"","background-media":"","overlay-type":"","overlay-color":"","overlay-opacity":"","overlay-gradient":""},"tablet":{"background-color":"","background-image":"","background-repeat":"repeat","background-position":"center center","background-size":"auto","background-attachment":"scroll","background-type":"","background-media":"","overlay-type":"","overlay-color":"","overlay-opacity":"","overlay-gradient":""},"mobile":{"background-color":"","background-image":"","background-repeat":"repeat","background-position":"center center","background-size":"auto","background-attachment":"scroll","background-type":"","background-media":"","overlay-type":"","overlay-color":"","overlay-opacity":"","overlay-gradient":""}},"ast-content-background-meta":{"desktop":{"background-color":"var(--ast-global-color-5)","background-image":"","background-repeat":"repeat","background-position":"center center","background-size":"auto","background-attachment":"scroll","background-type":"","background-media":"","overlay-type":"","overlay-color":"","overlay-opacity":"","overlay-gradient":""},"tablet":{"background-color":"var(--ast-global-color-5)","background-image":"","background-repeat":"repeat","background-position":"center center","background-size":"auto","background-attachment":"scroll","background-type":"","background-media":"","overlay-type":"","overlay-color":"","overlay-opacity":"","overlay-gradient":""},"mobile":{"background-color":"var(--ast-global-color-5)","background-image":"","background-repeat":"repeat","background-position":"center center","background-size":"auto","background-attachment":"scroll","background-type":"","background-media":"","overlay-type":"","overlay-color":"","overlay-opacity":"","overlay-gradient":""}},"footnotes":""},"class_list":["post-1013","page","type-page","status-publish","hentry"],"_links":{"self":[{"href":"https:\/\/doubletap.ch\/de\/wp-json\/wp\/v2\/pages\/1013","targetHints":{"allow":["GET"]}}],"collection":[{"href":"https:\/\/doubletap.ch\/de\/wp-json\/wp\/v2\/pages"}],"about":[{"href":"https:\/\/doubletap.ch\/de\/wp-json\/wp\/v2\/types\/page"}],"author":[{"embeddable":true,"href":"https:\/\/doubletap.ch\/de\/wp-json\/wp\/v2\/users\/2"}],"replies":[{"embeddable":true,"href":"https:\/\/doubletap.ch\/de\/wp-json\/wp\/v2\/comments?post=1013"}],"version-history":[{"count":26,"href":"https:\/\/doubletap.ch\/de\/wp-json\/wp\/v2\/pages\/1013\/revisions"}],"predecessor-version":[{"id":1990,"href":"https:\/\/doubletap.ch\/de\/wp-json\/wp\/v2\/pages\/1013\/revisions\/1990"}],"wp:attachment":[{"href":"https:\/\/doubletap.ch\/de\/wp-json\/wp\/v2\/media?parent=1013"}],"curies":[{"name":"wp","href":"https:\/\/api.w.org\/{rel}","templated":true}]}}