{"id":1048,"date":"2024-11-21T09:28:24","date_gmt":"2024-11-21T09:28:24","guid":{"rendered":"https:\/\/doubletap.ch\/rechtliche-hinweise\/"},"modified":"2025-02-03T04:55:32","modified_gmt":"2025-02-03T04:55:32","slug":"rechtliche-hinweise","status":"publish","type":"page","link":"https:\/\/doubletap.ch\/de\/rechtliche-hinweise\/","title":{"rendered":"Rechtliche Hinweise"},"content":{"rendered":"\t\t<div data-elementor-type=\"wp-page\" data-elementor-id=\"1048\" class=\"elementor elementor-1048 elementor-396\" data-elementor-post-type=\"page\">\n\t\t\t\t<div class=\"elementor-element elementor-element-aaa6ebd e-flex e-con-boxed e-con e-parent\" data-id=\"aaa6ebd\" data-element_type=\"container\">\n\t\t\t\t\t<div class=\"e-con-inner\">\n\t\t\t\t<div class=\"elementor-element elementor-element-54a0f11 elementor-widget elementor-widget-spacer\" data-id=\"54a0f11\" data-element_type=\"widget\" data-widget_type=\"spacer.default\">\n\t\t\t\t<div class=\"elementor-widget-container\">\n\t\t\t\t\t\t\t<div class=\"elementor-spacer\">\n\t\t\t<div class=\"elementor-spacer-inner\"><\/div>\n\t\t<\/div>\n\t\t\t\t\t\t<\/div>\n\t\t\t\t<\/div>\n\t\t\t\t\t<\/div>\n\t\t\t\t<\/div>\n\t\t<div class=\"elementor-element elementor-element-78fe1ce e-flex e-con-boxed e-con e-parent\" data-id=\"78fe1ce\" data-element_type=\"container\">\n\t\t\t\t\t<div class=\"e-con-inner\">\n\t\t\t\t<div class=\"elementor-element elementor-element-f93b4d1 elementor-widget elementor-widget-heading\" data-id=\"f93b4d1\" data-element_type=\"widget\" data-widget_type=\"heading.default\">\n\t\t\t\t<div class=\"elementor-widget-container\">\n\t\t\t\t\t<h2 class=\"elementor-heading-title elementor-size-default\">Rechtliche Hinweise<\/h2>\t\t\t\t<\/div>\n\t\t\t\t<\/div>\n\t\t\t\t\t<\/div>\n\t\t\t\t<\/div>\n\t\t<div class=\"elementor-element elementor-element-03922dd e-flex e-con-boxed e-con e-parent\" data-id=\"03922dd\" data-element_type=\"container\">\n\t\t\t\t\t<div class=\"e-con-inner\">\n\t\t\t\t<div class=\"elementor-element elementor-element-329f3c7 elementor-widget elementor-widget-spacer\" data-id=\"329f3c7\" data-element_type=\"widget\" data-widget_type=\"spacer.default\">\n\t\t\t\t<div class=\"elementor-widget-container\">\n\t\t\t\t\t\t\t<div class=\"elementor-spacer\">\n\t\t\t<div class=\"elementor-spacer-inner\"><\/div>\n\t\t<\/div>\n\t\t\t\t\t\t<\/div>\n\t\t\t\t<\/div>\n\t\t\t\t\t<\/div>\n\t\t\t\t<\/div>\n\t\t<div class=\"elementor-element elementor-element-aaf716b e-flex e-con-boxed e-con e-parent\" data-id=\"aaf716b\" data-element_type=\"container\">\n\t\t\t\t\t<div class=\"e-con-inner\">\n\t\t\t\t<div class=\"elementor-element elementor-element-300ed4c elementor-widget elementor-widget-text-editor\" data-id=\"300ed4c\" data-element_type=\"widget\" data-widget_type=\"text-editor.default\">\n\t\t\t\t<div class=\"elementor-widget-container\">\n\t\t\t\t\t\t\t\t\t<p><strong>Herausgeber der Website<\/strong><\/p>\n<p>Die vorliegende Website wird herausgegeben von :<br><strong>DoubleTap<\/strong><br>Unternehmen, das im <strong>Schweizer Handelsregister<\/strong> unter der Nummer <strong>CHE-487.201.620<\/strong> eingetragen ist.<\/p>\n<p><strong>Eingetragener Sitz :<\/strong><br>DoubleTap<\/p>\n<p>Tiefenmatt 4<\/p>\n<p>2503 Biel\/Bienne<\/p>\n<p><strong>Kontakt<\/strong> :<br>E-mail : hello@doubletap.ch<\/p>\n<p><strong>Verantwortlich f\u00fcr den Inhalt :<\/strong><br>Lina Nuzzolo, Fabian Kopp &amp; Gr\u00e9gory Brodard<\/p>\n<p><strong>Hosting der Website<\/strong><\/p>\n<p>Die Website wird gehostet von :<br><strong>Infomaniak<\/strong><\/p>\n<p>Webseite : infomaniak.ch<\/p>\n<p><strong>Geistiges Eigentum<\/strong><\/p>\n<p>Alle Inhalte auf dieser Website, einschliesslich, aber nicht beschr\u00e4nkt auf Texte, Bilder, Grafiken, Logos, Videos und Icons, sind durch das Schweizer Recht zum Schutz des geistigen Eigentums gesch\u00fctzt.<\/p>\n<p>Diese Inhalte sind das alleinige Eigentum von DoubleTap oder seinen Partnern. Jede Vervielf\u00e4ltigung, Verbreitung oder Nutzung dieser Inhalte, auch auszugsweise, ohne vorherige schriftliche Genehmigung ist strengstens untersagt.<\/p>\n<p><strong>Schutz der pers\u00f6nlichen Daten<\/strong><\/p>\n<p>DoubleTap legt grossen Wert auf den Schutz personenbezogener Daten gem\u00e4ss dem <strong>Bundesgesetz \u00fcber den Datenschutz (DSG)<\/strong> und der <strong>Allgemeinen Datenschutzverordnung (DSGVO)<\/strong> f\u00fcr europ\u00e4ische Nutzer.<\/p>\n<p><strong>Verantwortlicher f\u00fcr die Datenverarbeitung :<\/strong><\/p>\n<p>Die gesammelten Daten werden ausschliesslich im festgelegten Rahmen verwendet (z. B. Beantwortung von Anfragen, Bearbeitung von Bestellungen, Publikumsanalyse).<\/p>\n<p>Sie haben die folgenden Rechte:<\/p>\n<ul>\n<li>\n<p>Recht auf Zugang zu Ihren personenbezogenen Daten.<\/p>\n<\/li>\n<li>\n<p>Recht auf Berichtigung oder L\u00f6schung der Daten.<\/p>\n<\/li>\n<li>\n<p>Recht auf Widerspruch gegen die Verarbeitung oder die Weitergabe an Dritte.<\/p>\n<\/li>\n<\/ul>\n<p>Um Ihre Rechte auszu\u00fcben, wenden Sie sich bitte an folgende Adresse: <strong>hello@doubletap.ch.<\/strong><\/p>\n<p><strong>Cookies<\/strong><\/p>\n<p>Diese Website verwendet Cookies, um die Nutzererfahrung zu verbessern und anonyme Besucherstatistiken zu sammeln. Sie k\u00f6nnen Ihren Browser so konfigurieren, dass er Cookies je nach Ihren Einstellungen ablehnt oder akzeptiert.<\/p>\n<p><strong>Verantwortung<\/strong><\/p>\n<p>DoubleTap bem\u00fcht sich, auf seiner Website korrekte und aktuelle Informationen bereitzustellen. Wir k\u00f6nnen jedoch keine Garantie f\u00fcr die Richtigkeit oder Vollst\u00e4ndigkeit der Inhalte \u00fcbernehmen.<\/p>\n<p>DoubleTap \u00fcbernimmt keine Haftung f\u00fcr :<\/p>\n<ul>\n<li>\n<p>Direkte oder indirekte Sch\u00e4den, die sich aus der Nutzung der Website ergeben.<\/p>\n<\/li>\n<li>\n<p>Vor\u00fcbergehende oder dauerhafte Unterbrechungen der Website.<\/p>\n<\/li>\n<li>\n<p>Inhalte externer Websites, auf die \u00fcber Hyperlinks von unserer Website aus zugegriffen werden kann.<\/p>\n<\/li>\n<\/ul>\n<p><strong>Anwendbares Recht und Gerichtsbarkeit<\/strong><\/p>\n<p>Die vorliegenden rechtlichen Hinweise unterliegen dem Schweizer Recht. Im Falle eines Rechtsstreits sind die Gerichte in dem Kanton zust\u00e4ndig, in dem sich der Sitz von DoubleTap befindet, sofern nicht zwingend etwas anderes bestimmt ist.<\/p>\n<p><strong>Zus\u00e4tzliche Informationen<\/strong><\/p>\n<p>Bei Fragen oder Beschwerden zu dieser Website k\u00f6nnen Sie uns \u00fcber :<br>E-mail : hello@doubletap.ch<\/p>\t\t\t\t\t\t\t\t<\/div>\n\t\t\t\t<\/div>\n\t\t\t\t\t<\/div>\n\t\t\t\t<\/div>\n\t\t<div class=\"elementor-element elementor-element-178eaa8 e-flex e-con-boxed e-con e-parent\" data-id=\"178eaa8\" data-element_type=\"container\">\n\t\t\t\t\t<div class=\"e-con-inner\">\n\t\t\t\t<div class=\"elementor-element elementor-element-237855a elementor-widget elementor-widget-spacer\" data-id=\"237855a\" data-element_type=\"widget\" data-widget_type=\"spacer.default\">\n\t\t\t\t<div class=\"elementor-widget-container\">\n\t\t\t\t\t\t\t<div class=\"elementor-spacer\">\n\t\t\t<div class=\"elementor-spacer-inner\"><\/div>\n\t\t<\/div>\n\t\t\t\t\t\t<\/div>\n\t\t\t\t<\/div>\n\t\t\t\t\t<\/div>\n\t\t\t\t<\/div>\n\t\t\t\t<\/div>\n\t\t","protected":false},"excerpt":{"rendered":"<p>Rechtliche Hinweise Herausgeber der Website Die vorliegende Website wird herausgegeben von :DoubleTapUnternehmen, das im Schweizer Handelsregister unter der Nummer CHE-487.201.620 [&hellip;]<\/p>\n","protected":false},"author":2,"featured_media":0,"parent":0,"menu_order":0,"comment_status":"closed","ping_status":"closed","template":"","meta":{"site-sidebar-layout":"default","site-content-layout":"","ast-site-content-layout":"","site-content-style":"default","site-sidebar-style":"default","ast-global-header-display":"","ast-banner-title-visibility":"","ast-main-header-display":"","ast-hfb-above-header-display":"","ast-hfb-below-header-display":"","ast-hfb-mobile-header-display":"","site-post-title":"","ast-breadcrumbs-content":"","ast-featured-img":"","footer-sml-layout":"","theme-transparent-header-meta":"","adv-header-id-meta":"","stick-header-meta":"","header-above-stick-meta":"","header-main-stick-meta":"","header-below-stick-meta":"","astra-migrate-meta-layouts":"default","ast-page-background-enabled":"default","ast-page-background-meta":{"desktop":{"background-color":"var(--ast-global-color-4)","background-image":"","background-repeat":"repeat","background-position":"center center","background-size":"auto","background-attachment":"scroll","background-type":"","background-media":"","overlay-type":"","overlay-color":"","overlay-opacity":"","overlay-gradient":""},"tablet":{"background-color":"","background-image":"","background-repeat":"repeat","background-position":"center center","background-size":"auto","background-attachment":"scroll","background-type":"","background-media":"","overlay-type":"","overlay-color":"","overlay-opacity":"","overlay-gradient":""},"mobile":{"background-color":"","background-image":"","background-repeat":"repeat","background-position":"center center","background-size":"auto","background-attachment":"scroll","background-type":"","background-media":"","overlay-type":"","overlay-color":"","overlay-opacity":"","overlay-gradient":""}},"ast-content-background-meta":{"desktop":{"background-color":"var(--ast-global-color-5)","background-image":"","background-repeat":"repeat","background-position":"center center","background-size":"auto","background-attachment":"scroll","background-type":"","background-media":"","overlay-type":"","overlay-color":"","overlay-opacity":"","overlay-gradient":""},"tablet":{"background-color":"var(--ast-global-color-5)","background-image":"","background-repeat":"repeat","background-position":"center center","background-size":"auto","background-attachment":"scroll","background-type":"","background-media":"","overlay-type":"","overlay-color":"","overlay-opacity":"","overlay-gradient":""},"mobile":{"background-color":"var(--ast-global-color-5)","background-image":"","background-repeat":"repeat","background-position":"center center","background-size":"auto","background-attachment":"scroll","background-type":"","background-media":"","overlay-type":"","overlay-color":"","overlay-opacity":"","overlay-gradient":""}},"footnotes":""},"class_list":["post-1048","page","type-page","status-publish","hentry"],"_links":{"self":[{"href":"https:\/\/doubletap.ch\/de\/wp-json\/wp\/v2\/pages\/1048","targetHints":{"allow":["GET"]}}],"collection":[{"href":"https:\/\/doubletap.ch\/de\/wp-json\/wp\/v2\/pages"}],"about":[{"href":"https:\/\/doubletap.ch\/de\/wp-json\/wp\/v2\/types\/page"}],"author":[{"embeddable":true,"href":"https:\/\/doubletap.ch\/de\/wp-json\/wp\/v2\/users\/2"}],"replies":[{"embeddable":true,"href":"https:\/\/doubletap.ch\/de\/wp-json\/wp\/v2\/comments?post=1048"}],"version-history":[{"count":1,"href":"https:\/\/doubletap.ch\/de\/wp-json\/wp\/v2\/pages\/1048\/revisions"}],"predecessor-version":[{"id":1049,"href":"https:\/\/doubletap.ch\/de\/wp-json\/wp\/v2\/pages\/1048\/revisions\/1049"}],"wp:attachment":[{"href":"https:\/\/doubletap.ch\/de\/wp-json\/wp\/v2\/media?parent=1048"}],"curies":[{"name":"wp","href":"https:\/\/api.w.org\/{rel}","templated":true}]}}