{"id":977,"date":"2024-11-12T13:59:08","date_gmt":"2024-11-12T13:59:08","guid":{"rendered":"https:\/\/doubletap.ch\/home\/"},"modified":"2025-10-20T04:57:51","modified_gmt":"2025-10-20T04:57:51","slug":"home","status":"publish","type":"page","link":"https:\/\/doubletap.ch\/de\/","title":{"rendered":"home"},"content":{"rendered":"\t\t<div data-elementor-type=\"wp-post\" data-elementor-id=\"977\" class=\"elementor elementor-977 elementor-93\" data-elementor-post-type=\"page\">\n\t\t\t\t<div class=\"elementor-element elementor-element-64f5d04 e-con-full e-flex e-con e-parent\" data-id=\"64f5d04\" data-element_type=\"container\">\n\t\t\t\t<div class=\"elementor-element elementor-element-018573f elementor-widget elementor-widget-heading\" data-id=\"018573f\" data-element_type=\"widget\" data-widget_type=\"heading.default\">\n\t\t\t\t<div class=\"elementor-widget-container\">\n\t\t\t\t\t<h2 class=\"elementor-heading-title elementor-size-default\">Unser <span style=\"color: #009f52;font-family: 'Awesome Serif', serif;font-style: italic\">creative club <\/span><br>steigert Ihre Kreativit\u00e4t &amp; <br>verdoppelt Ihre Wirkung.<\/h2>\t\t\t\t<\/div>\n\t\t\t\t<\/div>\n\t\t\t\t<div class=\"elementor-element elementor-element-c6c2adc elementor-widget elementor-widget-spacer\" data-id=\"c6c2adc\" data-element_type=\"widget\" data-widget_type=\"spacer.default\">\n\t\t\t\t<div class=\"elementor-widget-container\">\n\t\t\t\t\t\t\t<div class=\"elementor-spacer\">\n\t\t\t<div class=\"elementor-spacer-inner\"><\/div>\n\t\t<\/div>\n\t\t\t\t\t\t<\/div>\n\t\t\t\t<\/div>\n\t\t\t\t<\/div>\n\t\t<div class=\"elementor-element elementor-element-577e2ee e-grid e-con-full e-con e-parent\" data-id=\"577e2ee\" data-element_type=\"container\">\n\t\t\t\t<div class=\"elementor-element elementor-element-f7eca4d elementor-widget elementor-widget-video\" data-id=\"f7eca4d\" data-element_type=\"widget\" data-settings=\"{&quot;video_type&quot;:&quot;hosted&quot;,&quot;autoplay&quot;:&quot;yes&quot;,&quot;mute&quot;:&quot;yes&quot;,&quot;loop&quot;:&quot;yes&quot;,&quot;play_on_mobile&quot;:&quot;yes&quot;}\" data-widget_type=\"video.default\">\n\t\t\t\t<div class=\"elementor-widget-container\">\n\t\t\t\t\t\t\t<div class=\"e-hosted-video elementor-wrapper elementor-open-inline\">\n\t\t\t\t\t<video class=\"elementor-video\" src=\"https:\/\/doubletap.ch\/wp-content\/uploads\/2024\/11\/Nidau_PhotoMatch-3.mp4\" autoplay=\"\" loop=\"\" muted=\"muted\" playsinline=\"\" controlsList=\"nodownload\"><\/video>\n\t\t\t\t<\/div>\n\t\t\t\t\t\t<\/div>\n\t\t\t\t<\/div>\n\t\t\t\t<div class=\"elementor-element elementor-element-1b84e8e elementor-widget elementor-widget-image\" data-id=\"1b84e8e\" data-element_type=\"widget\" data-widget_type=\"image.default\">\n\t\t\t\t<div class=\"elementor-widget-container\">\n\t\t\t\t\t\t\t\t\t\t\t\t\t\t\t\t<a href=\"http:\/\/www.doubletap.ch\/de\/compagniedeva\">\n\t\t\t\t\t\t\t<img fetchpriority=\"high\" decoding=\"async\" width=\"1024\" height=\"1024\" src=\"https:\/\/doubletap.ch\/wp-content\/uploads\/2024\/11\/MM_Card_CD-HOF-02-1024x1024.png\" class=\"attachment-large size-large wp-image-944\" alt=\"\" srcset=\"https:\/\/doubletap.ch\/wp-content\/uploads\/2024\/11\/MM_Card_CD-HOF-02-1024x1024.png 1024w, https:\/\/doubletap.ch\/wp-content\/uploads\/2024\/11\/MM_Card_CD-HOF-02-300x300.png 300w, https:\/\/doubletap.ch\/wp-content\/uploads\/2024\/11\/MM_Card_CD-HOF-02-150x150.png 150w, https:\/\/doubletap.ch\/wp-content\/uploads\/2024\/11\/MM_Card_CD-HOF-02-768x768.png 768w, https:\/\/doubletap.ch\/wp-content\/uploads\/2024\/11\/MM_Card_CD-HOF-02.png 1068w\" sizes=\"(max-width: 1024px) 100vw, 1024px\" \/>\t\t\t\t\t\t\t\t<\/a>\n\t\t\t\t\t\t\t\t\t\t\t\t\t\t\t<\/div>\n\t\t\t\t<\/div>\n\t\t\t\t<div class=\"elementor-element elementor-element-19baf19 elementor-widget elementor-widget-image\" data-id=\"19baf19\" data-element_type=\"widget\" data-widget_type=\"image.default\">\n\t\t\t\t<div class=\"elementor-widget-container\">\n\t\t\t\t\t\t\t\t\t\t\t\t\t\t\t\t<a href=\"http:\/\/www.doubletap.ch\/de\/eclipse\">\n\t\t\t\t\t\t\t<img decoding=\"async\" width=\"4608\" height=\"4608\" src=\"https:\/\/doubletap.ch\/wp-content\/uploads\/2024\/11\/thumbnail_1-1.png\" class=\"attachment-full size-full wp-image-948\" alt=\"\" srcset=\"https:\/\/doubletap.ch\/wp-content\/uploads\/2024\/11\/thumbnail_1-1.png 4608w, https:\/\/doubletap.ch\/wp-content\/uploads\/2024\/11\/thumbnail_1-1-300x300.png 300w, https:\/\/doubletap.ch\/wp-content\/uploads\/2024\/11\/thumbnail_1-1-1024x1024.png 1024w, https:\/\/doubletap.ch\/wp-content\/uploads\/2024\/11\/thumbnail_1-1-150x150.png 150w, https:\/\/doubletap.ch\/wp-content\/uploads\/2024\/11\/thumbnail_1-1-768x768.png 768w, https:\/\/doubletap.ch\/wp-content\/uploads\/2024\/11\/thumbnail_1-1-1536x1536.png 1536w, https:\/\/doubletap.ch\/wp-content\/uploads\/2024\/11\/thumbnail_1-1-2048x2048.png 2048w\" sizes=\"(max-width: 4608px) 100vw, 4608px\" \/>\t\t\t\t\t\t\t\t<\/a>\n\t\t\t\t\t\t\t\t\t\t\t\t\t\t\t<\/div>\n\t\t\t\t<\/div>\n\t\t\t\t<div class=\"elementor-element elementor-element-de661f0 elementor-widget elementor-widget-video\" data-id=\"de661f0\" data-element_type=\"widget\" data-settings=\"{&quot;video_type&quot;:&quot;hosted&quot;,&quot;autoplay&quot;:&quot;yes&quot;,&quot;mute&quot;:&quot;yes&quot;,&quot;loop&quot;:&quot;yes&quot;,&quot;play_on_mobile&quot;:&quot;yes&quot;}\" data-widget_type=\"video.default\">\n\t\t\t\t<div class=\"elementor-widget-container\">\n\t\t\t\t\t\t\t<div class=\"e-hosted-video elementor-wrapper elementor-open-inline\">\n\t\t\t\t\t<video class=\"elementor-video\" src=\"https:\/\/doubletap.ch\/wp-content\/uploads\/2024\/11\/LetsUsStretch.mp4\" autoplay=\"\" loop=\"\" muted=\"muted\" playsinline=\"\" controlsList=\"nodownload\"><\/video>\n\t\t\t\t<\/div>\n\t\t\t\t\t\t<\/div>\n\t\t\t\t<\/div>\n\t\t\t\t<\/div>\n\t\t<div class=\"elementor-element elementor-element-5bdb729 e-flex e-con-boxed e-con e-parent\" data-id=\"5bdb729\" data-element_type=\"container\">\n\t\t\t\t\t<div class=\"e-con-inner\">\n\t\t<div class=\"elementor-element elementor-element-785a6ec e-con-full e-flex e-con e-child\" data-id=\"785a6ec\" data-element_type=\"container\">\n\t\t\t\t<div class=\"elementor-element elementor-element-f0343c5 elementor-widget elementor-widget-spacer\" data-id=\"f0343c5\" data-element_type=\"widget\" data-widget_type=\"spacer.default\">\n\t\t\t\t<div class=\"elementor-widget-container\">\n\t\t\t\t\t\t\t<div class=\"elementor-spacer\">\n\t\t\t<div class=\"elementor-spacer-inner\"><\/div>\n\t\t<\/div>\n\t\t\t\t\t\t<\/div>\n\t\t\t\t<\/div>\n\t\t<div class=\"elementor-element elementor-element-605299a e-con-full e-flex e-con e-child\" data-id=\"605299a\" data-element_type=\"container\">\n\t\t\t\t<\/div>\n\t\t\t\t<div class=\"elementor-element elementor-element-f1bdc7d elementor-widget-mobile__width-initial elementor-widget elementor-widget-heading\" data-id=\"f1bdc7d\" data-element_type=\"widget\" data-widget_type=\"heading.default\">\n\t\t\t\t<div class=\"elementor-widget-container\">\n\t\t\t\t\t<h2 class=\"elementor-heading-title elementor-size-default\">Wir unterst\u00fctzen Sie bei all Ihren kreativen Projekten. Dank unserer vielseitigen Expertise erwecken wir Ihre Ideen zum Leben, sei es die Erstellung Ihrer Website, die Gestaltung Ihres Logos oder die Erf\u00fcllung all Ihrer Bed\u00fcrfnisse in den Bereichen Grafikdesign, Fotografie, Video und digitales Marketing. Von Anfang bis Ende stehen wir an Ihrer Seite, um Ihnen massgeschneiderte L\u00f6sungen zu bieten, abgestimmt auf Ihre Ziele und Visionen. Wir stehen Ihnen von A bis Z zur Seite und begleiten Sie bei allen Ihren Kommunikations- und Marketingprojekten, indem wir ma\u00dfgeschneiderte L\u00f6sungen anbieten, die auf Ihre Ziele und Ihre Vision zugeschnitten sind.<\/h2>\t\t\t\t<\/div>\n\t\t\t\t<\/div>\n\t\t\t\t<\/div>\n\t\t\t\t<div class=\"elementor-element elementor-element-76a7194 elementor-widget elementor-widget-image\" data-id=\"76a7194\" data-element_type=\"widget\" data-widget_type=\"image.default\">\n\t\t\t\t<div class=\"elementor-widget-container\">\n\t\t\t\t\t\t\t\t\t\t\t\t\t\t\t<img decoding=\"async\" width=\"1024\" height=\"1024\" src=\"https:\/\/doubletap.ch\/wp-content\/uploads\/2024\/11\/dt_locaux-1-1024x1024.jpg\" class=\"attachment-large size-large wp-image-968\" alt=\"\" srcset=\"https:\/\/doubletap.ch\/wp-content\/uploads\/2024\/11\/dt_locaux-1-1024x1024.jpg 1024w, https:\/\/doubletap.ch\/wp-content\/uploads\/2024\/11\/dt_locaux-1-300x300.jpg 300w, https:\/\/doubletap.ch\/wp-content\/uploads\/2024\/11\/dt_locaux-1-150x150.jpg 150w, https:\/\/doubletap.ch\/wp-content\/uploads\/2024\/11\/dt_locaux-1-768x768.jpg 768w, https:\/\/doubletap.ch\/wp-content\/uploads\/2024\/11\/dt_locaux-1.jpg 1067w\" sizes=\"(max-width: 1024px) 100vw, 1024px\" \/>\t\t\t\t\t\t\t\t\t\t\t\t\t\t\t<\/div>\n\t\t\t\t<\/div>\n\t\t\t\t\t<\/div>\n\t\t\t\t<\/div>\n\t\t<div class=\"elementor-element elementor-element-4840565 e-grid e-con-full e-con e-parent\" data-id=\"4840565\" data-element_type=\"container\">\n\t\t\t\t<div class=\"elementor-element elementor-element-0702fea elementor-widget elementor-widget-spacer\" data-id=\"0702fea\" data-element_type=\"widget\" data-widget_type=\"spacer.default\">\n\t\t\t\t<div class=\"elementor-widget-container\">\n\t\t\t\t\t\t\t<div class=\"elementor-spacer\">\n\t\t\t<div class=\"elementor-spacer-inner\"><\/div>\n\t\t<\/div>\n\t\t\t\t\t\t<\/div>\n\t\t\t\t<\/div>\n\t\t\t\t<div class=\"elementor-element elementor-element-682ea66 elementor-widget elementor-widget-heading\" data-id=\"682ea66\" data-element_type=\"widget\" data-widget_type=\"heading.default\">\n\t\t\t\t<div class=\"elementor-widget-container\">\n\t\t\t\t\t<h2 class=\"elementor-heading-title elementor-size-default\">Visuelle Identit\u00e4t<br><br> Grafikdesign und visuelle Identit\u00e4t bedeutet, ein koh\u00e4rentes und unverwechselbares Image f\u00fcr Ihre Marke zu schaffen. Dies umfasst die Gestaltung von Logos, Farbpaletten, Typografie und grafischen Elementen, die Ihre Werte widerspiegeln und Ihre visuelle Wirkung verst\u00e4rken. Wir helfen Ihnen, eine starke und einpr\u00e4gsame Identit\u00e4t aufzubauen, die f\u00fcr alle Ihre Kommunikationsmittel geeignet ist. <\/h2>\t\t\t\t<\/div>\n\t\t\t\t<\/div>\n\t\t\t\t<div class=\"elementor-element elementor-element-c254e3c elementor-widget elementor-widget-heading\" data-id=\"c254e3c\" data-element_type=\"widget\" data-widget_type=\"heading.default\">\n\t\t\t\t<div class=\"elementor-widget-container\">\n\t\t\t\t\t<h2 class=\"elementor-heading-title elementor-size-default\">Multimedia<br><br> Multimedia umfasst die Schaffung und Produktion von interaktiven und audiovisuellen Inhalten wie Videos, Animationen, Fotografien und Tonmontagen. Wir unterst\u00fctzen Sie bei der Erstellung von dynamischen und ansprechenden Materialien, um Ihre Kommunikation zu bereichern, die Aufmerksamkeit Ihres Publikums zu gewinnen und Ihre Projekte auf allen digitalen Kan\u00e4len aufzuwerten.<\/h2>\t\t\t\t<\/div>\n\t\t\t\t<\/div>\n\t\t\t\t<div class=\"elementor-element elementor-element-c7bdf9a elementor-widget elementor-widget-heading\" data-id=\"c7bdf9a\" data-element_type=\"widget\" data-widget_type=\"heading.default\">\n\t\t\t\t<div class=\"elementor-widget-container\">\n\t\t\t\t\t<h2 class=\"elementor-heading-title elementor-size-default\">Digitales Marketing<br><br> Digitales Marketing ist die F\u00f6rderung Ihres Unternehmens online durch Strategien wie SEO (Suchmaschinenoptimierung), SEA (bezahlte Werbung), soziale Netzwerke, E-Mailing und Datenanalyse. Wir unterst\u00fctzen Sie bei der Umsetzung effektiver Kampagnen, um Ihre Sichtbarkeit zu erh\u00f6hen, qualifizierten Traffic zu generieren und Ihre Konversionen zu steigern.<\/h2>\t\t\t\t<\/div>\n\t\t\t\t<\/div>\n\t\t\t\t<\/div>\n\t\t<div class=\"elementor-element elementor-element-1d7a77c e-flex e-con-boxed e-con e-parent\" data-id=\"1d7a77c\" data-element_type=\"container\">\n\t\t\t\t\t<div class=\"e-con-inner\">\n\t\t\t\t<div class=\"elementor-element elementor-element-6c04fe2 elementor-widget elementor-widget-spacer\" data-id=\"6c04fe2\" data-element_type=\"widget\" data-widget_type=\"spacer.default\">\n\t\t\t\t<div class=\"elementor-widget-container\">\n\t\t\t\t\t\t\t<div class=\"elementor-spacer\">\n\t\t\t<div class=\"elementor-spacer-inner\"><\/div>\n\t\t<\/div>\n\t\t\t\t\t\t<\/div>\n\t\t\t\t<\/div>\n\t\t\t\t\t<\/div>\n\t\t\t\t<\/div>\n\t\t<div class=\"elementor-element elementor-element-621e04a e-flex e-con-boxed e-con e-parent\" data-id=\"621e04a\" data-element_type=\"container\">\n\t\t\t\t\t<div class=\"e-con-inner\">\n\t\t\t\t<div class=\"elementor-element elementor-element-aa66072 elementor-widget elementor-widget-heading\" data-id=\"aa66072\" data-element_type=\"widget\" data-widget_type=\"heading.default\">\n\t\t\t\t<div class=\"elementor-widget-container\">\n\t\t\t\t\t<h2 class=\"elementor-heading-title elementor-size-default\">let's get to work!<\/h2>\t\t\t\t<\/div>\n\t\t\t\t<\/div>\n\t\t\t\t\t<\/div>\n\t\t\t\t<\/div>\n\t\t<div class=\"elementor-element elementor-element-2a220e5 e-flex e-con-boxed e-con e-parent\" data-id=\"2a220e5\" data-element_type=\"container\">\n\t\t\t\t\t<div class=\"e-con-inner\">\n\t\t\t\t<div class=\"elementor-element elementor-element-194be11 elementor-widget elementor-widget-spacer\" data-id=\"194be11\" data-element_type=\"widget\" data-widget_type=\"spacer.default\">\n\t\t\t\t<div class=\"elementor-widget-container\">\n\t\t\t\t\t\t\t<div class=\"elementor-spacer\">\n\t\t\t<div class=\"elementor-spacer-inner\"><\/div>\n\t\t<\/div>\n\t\t\t\t\t\t<\/div>\n\t\t\t\t<\/div>\n\t\t\t\t<div class=\"elementor-element elementor-element-6fe3f24 elementor-widget elementor-widget-button\" data-id=\"6fe3f24\" data-element_type=\"widget\" data-widget_type=\"button.default\">\n\t\t\t\t<div class=\"elementor-widget-container\">\n\t\t\t\t\t\t\t\t\t<div class=\"elementor-button-wrapper\">\n\t\t\t\t\t<a class=\"elementor-button elementor-button-link elementor-size-sm\" href=\"mailto:hello@doubletap.ch\">\n\t\t\t\t\t\t<span class=\"elementor-button-content-wrapper\">\n\t\t\t\t\t\t\t\t\t<span class=\"elementor-button-text\">work with us<\/span>\n\t\t\t\t\t<\/span>\n\t\t\t\t\t<\/a>\n\t\t\t\t<\/div>\n\t\t\t\t\t\t\t\t<\/div>\n\t\t\t\t<\/div>\n\t\t\t\t\t<\/div>\n\t\t\t\t<\/div>\n\t\t<div class=\"elementor-element elementor-element-18f5e62 e-flex e-con-boxed e-con e-parent\" data-id=\"18f5e62\" data-element_type=\"container\">\n\t\t\t\t\t<div class=\"e-con-inner\">\n\t\t\t\t<div class=\"elementor-element elementor-element-c454c0c elementor-widget elementor-widget-spacer\" data-id=\"c454c0c\" data-element_type=\"widget\" data-widget_type=\"spacer.default\">\n\t\t\t\t<div class=\"elementor-widget-container\">\n\t\t\t\t\t\t\t<div class=\"elementor-spacer\">\n\t\t\t<div class=\"elementor-spacer-inner\"><\/div>\n\t\t<\/div>\n\t\t\t\t\t\t<\/div>\n\t\t\t\t<\/div>\n\t\t\t\t\t<\/div>\n\t\t\t\t<\/div>\n\t\t\t\t<\/div>\n\t\t","protected":false},"excerpt":{"rendered":"<p>Unser creative club steigert Ihre Kreativit\u00e4t &amp; verdoppelt Ihre Wirkung. https:\/\/doubletap.ch\/wp-content\/uploads\/2024\/11\/Nidau_PhotoMatch-3.mp4 https:\/\/doubletap.ch\/wp-content\/uploads\/2024\/11\/LetsUsStretch.mp4 Wir unterst\u00fctzen Sie bei all Ihren kreativen Projekten. [&hellip;]<\/p>\n","protected":false},"author":2,"featured_media":0,"parent":0,"menu_order":0,"comment_status":"closed","ping_status":"closed","template":"elementor_header_footer","meta":{"site-sidebar-layout":"default","site-content-layout":"","ast-site-content-layout":"","site-content-style":"default","site-sidebar-style":"default","ast-global-header-display":"","ast-banner-title-visibility":"","ast-main-header-display":"","ast-hfb-above-header-display":"","ast-hfb-below-header-display":"","ast-hfb-mobile-header-display":"","site-post-title":"","ast-breadcrumbs-content":"","ast-featured-img":"","footer-sml-layout":"","theme-transparent-header-meta":"","adv-header-id-meta":"","stick-header-meta":"","header-above-stick-meta":"","header-main-stick-meta":"","header-below-stick-meta":"","astra-migrate-meta-layouts":"default","ast-page-background-enabled":"default","ast-page-background-meta":{"desktop":{"background-color":"var(--ast-global-color-4)","background-image":"","background-repeat":"repeat","background-position":"center center","background-size":"auto","background-attachment":"scroll","background-type":"","background-media":"","overlay-type":"","overlay-color":"","overlay-opacity":"","overlay-gradient":""},"tablet":{"background-color":"","background-image":"","background-repeat":"repeat","background-position":"center center","background-size":"auto","background-attachment":"scroll","background-type":"","background-media":"","overlay-type":"","overlay-color":"","overlay-opacity":"","overlay-gradient":""},"mobile":{"background-color":"","background-image":"","background-repeat":"repeat","background-position":"center center","background-size":"auto","background-attachment":"scroll","background-type":"","background-media":"","overlay-type":"","overlay-color":"","overlay-opacity":"","overlay-gradient":""}},"ast-content-background-meta":{"desktop":{"background-color":"var(--ast-global-color-5)","background-image":"","background-repeat":"repeat","background-position":"center center","background-size":"auto","background-attachment":"scroll","background-type":"","background-media":"","overlay-type":"","overlay-color":"","overlay-opacity":"","overlay-gradient":""},"tablet":{"background-color":"var(--ast-global-color-5)","background-image":"","background-repeat":"repeat","background-position":"center center","background-size":"auto","background-attachment":"scroll","background-type":"","background-media":"","overlay-type":"","overlay-color":"","overlay-opacity":"","overlay-gradient":""},"mobile":{"background-color":"var(--ast-global-color-5)","background-image":"","background-repeat":"repeat","background-position":"center center","background-size":"auto","background-attachment":"scroll","background-type":"","background-media":"","overlay-type":"","overlay-color":"","overlay-opacity":"","overlay-gradient":""}},"footnotes":""},"class_list":["post-977","page","type-page","status-publish","hentry"],"_links":{"self":[{"href":"https:\/\/doubletap.ch\/de\/wp-json\/wp\/v2\/pages\/977","targetHints":{"allow":["GET"]}}],"collection":[{"href":"https:\/\/doubletap.ch\/de\/wp-json\/wp\/v2\/pages"}],"about":[{"href":"https:\/\/doubletap.ch\/de\/wp-json\/wp\/v2\/types\/page"}],"author":[{"embeddable":true,"href":"https:\/\/doubletap.ch\/de\/wp-json\/wp\/v2\/users\/2"}],"replies":[{"embeddable":true,"href":"https:\/\/doubletap.ch\/de\/wp-json\/wp\/v2\/comments?post=977"}],"version-history":[{"count":13,"href":"https:\/\/doubletap.ch\/de\/wp-json\/wp\/v2\/pages\/977\/revisions"}],"predecessor-version":[{"id":1769,"href":"https:\/\/doubletap.ch\/de\/wp-json\/wp\/v2\/pages\/977\/revisions\/1769"}],"wp:attachment":[{"href":"https:\/\/doubletap.ch\/de\/wp-json\/wp\/v2\/media?parent=977"}],"curies":[{"name":"wp","href":"https:\/\/api.w.org\/{rel}","templated":true}]}}